{"id":8751,"date":"2025-11-27T11:46:45","date_gmt":"2025-11-27T11:46:45","guid":{"rendered":"https:\/\/elmenytarpecs.hu\/?post_type=product&#038;p=8751"},"modified":"2025-12-26T20:10:51","modified_gmt":"2025-12-26T20:10:51","slug":"raketa-polo-fekete-polo-feher-minta-ferfi","status":"publish","type":"product","link":"https:\/\/elmenytarpecs.hu\/en\/product\/raketa-polo-fekete-polo-feher-minta-ferfi\/","title":{"rendered":"Rak\u00e9ta p\u00f3l\u00f3 &#8211; fekete p\u00f3l\u00f3, feh\u00e9r minta &#8211; f\u00e9rfi"},"content":{"rendered":"<p>P\u00f3l\u00f3: fekete<\/p>\n<p>Minta: feh\u00e9r<\/p>\n<p>Eur\u00f3pa legn\u00e9pszer\u0171bb unisex p\u00f3l\u00f3ja! 100% pamuhttps:\/\/elmenytarpecs.hu\/wp-admin\/edit.php?post_type=productt, 160 g\/m\u00b2 anyagvastags\u00e1g\u00e1val k\u00e9nyelmes viseletet biztos\u00edt a mindennapokban!<\/p>\n<p><a href=\"https:\/\/elmenytarpecs.hu\/wp-content\/uploads\/2025\/12\/Merettablazat.docx\">A m\u00e9rett\u00e1bl\u00e1zat ide kattintva tekinthet\u0151 meg!<\/a><\/p>","protected":false},"excerpt":{"rendered":"<p>Ezek a p\u00f3l\u00f3k igazi k\u00fcl\u00f6nlegess\u00e9gnek sz\u00e1m\u00edtanak, mert a gyerekek kreativit\u00e1sa tette \u0151ket egyediv\u00e9!<br \/>\nMindegyik darabon a gyerekek eredeti rajzaib\u00f3l k\u00e9sz\u00fclt minta l\u00e1that\u00f3, amely kedves \u00e9s b\u00e1jos eml\u00e9keztet\u0151 a kicsik \u00e1lmodoz\u00f3 vil\u00e1g\u00e1ra. Megv\u00e1s\u00e1rl\u00e1sukkal az \u00c9lm\u00e9ny T\u00e1rba j\u00e1r\u00f3 gyerekek \u00e1lmainak megval\u00f3s\u00edt\u00e1s\u00e1t t\u00e1mogatod.<\/p>\n<p><a href=\"https:\/\/elmenytarpecs.hu\/wp-content\/uploads\/2025\/04\/Merettablazat.docx\">A m\u00e9rett\u00e1bl\u00e1zat ide kattintva tekinthet\u0151 meg!<\/a><\/p>","protected":false},"featured_media":8752,"comment_status":"open","ping_status":"closed","template":"","meta":{"site-sidebar-layout":"default","site-content-layout":"","ast-site-content-layout":"default","site-content-style":"default","site-sidebar-style":"default","ast-global-header-display":"","ast-banner-title-visibility":"","ast-main-header-display":"","ast-hfb-above-header-display":"","ast-hfb-below-header-display":"","ast-hfb-mobile-header-display":"","site-post-title":"","ast-breadcrumbs-content":"","ast-featured-img":"","footer-sml-layout":"","ast-disable-related-posts":"","theme-transparent-header-meta":"default","adv-header-id-meta":"","stick-header-meta":"","header-above-stick-meta":"","header-main-stick-meta":"","header-below-stick-meta":"","astra-migrate-meta-layouts":"set","ast-page-background-enabled":"default","ast-page-background-meta":{"desktop":{"background-color":"","background-image":"","background-repeat":"repeat","background-position":"center center","background-size":"auto","background-attachment":"scroll","background-type":"","background-media":"","overlay-type":"","overlay-color":"","overlay-opacity":"","overlay-gradient":""},"tablet":{"background-color":"","background-image":"","background-repeat":"repeat","background-position":"center center","background-size":"auto","background-attachment":"scroll","background-type":"","background-media":"","overlay-type":"","overlay-color":"","overlay-opacity":"","overlay-gradient":""},"mobile":{"background-color":"","background-image":"","background-repeat":"repeat","background-position":"center center","background-size":"auto","background-attachment":"scroll","background-type":"","background-media":"","overlay-type":"","overlay-color":"","overlay-opacity":"","overlay-gradient":""}},"ast-content-background-meta":{"desktop":{"background-color":"var(--ast-global-color-5)","background-image":"","background-repeat":"repeat","background-position":"center center","background-size":"auto","background-attachment":"scroll","background-type":"","background-media":"","overlay-type":"","overlay-color":"","overlay-opacity":"","overlay-gradient":""},"tablet":{"background-color":"var(--ast-global-color-5)","background-image":"","background-repeat":"repeat","background-position":"center center","background-size":"auto","background-attachment":"scroll","background-type":"","background-media":"","overlay-type":"","overlay-color":"","overlay-opacity":"","overlay-gradient":""},"mobile":{"background-color":"var(--ast-global-color-5)","background-image":"","background-repeat":"repeat","background-position":"center center","background-size":"auto","background-attachment":"scroll","background-type":"","background-media":"","overlay-type":"","overlay-color":"","overlay-opacity":"","overlay-gradient":""}}},"product_brand":[],"product_cat":[42],"product_tag":[61],"class_list":{"0":"post-8751","1":"product","2":"type-product","3":"status-publish","4":"has-post-thumbnail","6":"product_cat-polo","7":"product_tag-polo","8":"desktop-align-center","9":"tablet-align-center","10":"mobile-align-center","12":"first","13":"instock","14":"shipping-taxable","15":"purchasable","16":"product-type-variable"},"_links":{"self":[{"href":"https:\/\/elmenytarpecs.hu\/en\/wp-json\/wp\/v2\/product\/8751","targetHints":{"allow":["GET"]}}],"collection":[{"href":"https:\/\/elmenytarpecs.hu\/en\/wp-json\/wp\/v2\/product"}],"about":[{"href":"https:\/\/elmenytarpecs.hu\/en\/wp-json\/wp\/v2\/types\/product"}],"replies":[{"embeddable":true,"href":"https:\/\/elmenytarpecs.hu\/en\/wp-json\/wp\/v2\/comments?post=8751"}],"wp:featuredmedia":[{"embeddable":true,"href":"https:\/\/elmenytarpecs.hu\/en\/wp-json\/wp\/v2\/media\/8752"}],"wp:attachment":[{"href":"https:\/\/elmenytarpecs.hu\/en\/wp-json\/wp\/v2\/media?parent=8751"}],"wp:term":[{"taxonomy":"product_brand","embeddable":true,"href":"https:\/\/elmenytarpecs.hu\/en\/wp-json\/wp\/v2\/product_brand?post=8751"},{"taxonomy":"product_cat","embeddable":true,"href":"https:\/\/elmenytarpecs.hu\/en\/wp-json\/wp\/v2\/product_cat?post=8751"},{"taxonomy":"product_tag","embeddable":true,"href":"https:\/\/elmenytarpecs.hu\/en\/wp-json\/wp\/v2\/product_tag?post=8751"}],"curies":[{"name":"wp","href":"https:\/\/api.w.org\/{rel}","templated":true}]}}