{"id":9157,"date":"2025-12-08T09:51:24","date_gmt":"2025-12-08T09:51:24","guid":{"rendered":"https:\/\/elmenytarpecs.hu\/?page_id=9157"},"modified":"2025-12-26T10:10:54","modified_gmt":"2025-12-26T10:10:54","slug":"rolunk","status":"publish","type":"page","link":"https:\/\/elmenytarpecs.hu\/en\/rolunk\/","title":{"rendered":"About us"},"content":{"rendered":"<div data-elementor-type=\"wp-page\" data-elementor-id=\"9157\" class=\"elementor elementor-9157\" data-elementor-post-type=\"page\">\n\t\t\t\t<div class=\"elementor-element elementor-element-1513108 e-flex e-con-boxed e-con e-parent\" data-id=\"1513108\" data-element_type=\"container\">\n\t\t\t\t\t<div class=\"e-con-inner\">\n\t\t<div class=\"elementor-element elementor-element-c936760 e-con-full elementor-hidden-mobile e-flex e-con e-child\" data-id=\"c936760\" data-element_type=\"container\">\n\t\t\t\t<div class=\"elementor-element elementor-element-206838e elementor-hidden-mobile elementor-widget elementor-widget-image\" data-id=\"206838e\" data-element_type=\"widget\" data-settings=\"{&quot;motion_fx_motion_fx_scrolling&quot;:&quot;yes&quot;,&quot;motion_fx_translateY_effect&quot;:&quot;yes&quot;,&quot;motion_fx_rotateZ_effect&quot;:&quot;yes&quot;,&quot;motion_fx_rotateZ_speed&quot;:{&quot;unit&quot;:&quot;px&quot;,&quot;size&quot;:2.70000000000000017763568394002504646778106689453125,&quot;sizes&quot;:[]},&quot;motion_fx_translateY_speed&quot;:{&quot;unit&quot;:&quot;px&quot;,&quot;size&quot;:4,&quot;sizes&quot;:[]},&quot;motion_fx_translateY_affectedRange&quot;:{&quot;unit&quot;:&quot;%&quot;,&quot;size&quot;:&quot;&quot;,&quot;sizes&quot;:{&quot;start&quot;:0,&quot;end&quot;:100}},&quot;motion_fx_rotateZ_affectedRange&quot;:{&quot;unit&quot;:&quot;%&quot;,&quot;size&quot;:&quot;&quot;,&quot;sizes&quot;:{&quot;start&quot;:0,&quot;end&quot;:100}},&quot;motion_fx_devices&quot;:[&quot;desktop&quot;,&quot;tablet&quot;,&quot;mobile&quot;]}\" data-widget_type=\"image.default\">\n\t\t\t\t<div class=\"elementor-widget-container\">\n\t\t\t\t\t\t\t\t\t\t\t\t\t\t\t<img fetchpriority=\"high\" decoding=\"async\" width=\"2054\" height=\"1370\" src=\"https:\/\/elmenytarpecs.hu\/wp-content\/uploads\/2025\/11\/kezek-2.jpg\" class=\"attachment-full size-full wp-image-8495\" alt=\"\" srcset=\"https:\/\/elmenytarpecs.hu\/wp-content\/uploads\/2025\/11\/kezek-2.jpg 2054w, https:\/\/elmenytarpecs.hu\/wp-content\/uploads\/2025\/11\/kezek-2-600x400.jpg 600w, https:\/\/elmenytarpecs.hu\/wp-content\/uploads\/2025\/11\/kezek-2-300x200.jpg 300w, https:\/\/elmenytarpecs.hu\/wp-content\/uploads\/2025\/11\/kezek-2-1024x683.jpg 1024w, https:\/\/elmenytarpecs.hu\/wp-content\/uploads\/2025\/11\/kezek-2-768x512.jpg 768w, https:\/\/elmenytarpecs.hu\/wp-content\/uploads\/2025\/11\/kezek-2-1536x1024.jpg 1536w, https:\/\/elmenytarpecs.hu\/wp-content\/uploads\/2025\/11\/kezek-2-2048x1366.jpg 2048w\" sizes=\"(max-width: 2054px) 100vw, 2054px\" \/>\t\t\t\t\t\t\t\t\t\t\t\t\t\t\t<\/div>\n\t\t\t\t<\/div>\n\t\t\t\t<\/div>\n\t\t<div class=\"elementor-element elementor-element-5bafc1d e-con-full e-flex e-con e-child\" data-id=\"5bafc1d\" data-element_type=\"container\">\n\t\t\t\t<div class=\"elementor-element elementor-element-8b455bf elementor-widget elementor-widget-text-editor\" data-id=\"8b455bf\" data-element_type=\"widget\" data-widget_type=\"text-editor.default\">\n\t\t\t\t<div class=\"elementor-widget-container\">\n\t\t\t\t\t\t\t\t\t<p>About us<\/p>\t\t\t\t\t\t\t\t<\/div>\n\t\t\t\t<\/div>\n\t\t\t\t<div class=\"elementor-element elementor-element-b7b1135 elementor-widget elementor-widget-heading\" data-id=\"b7b1135\" data-element_type=\"widget\" data-widget_type=\"heading.default\">\n\t\t\t\t<div class=\"elementor-widget-container\">\n\t\t\t\t\t<h2 class=\"elementor-heading-title elementor-size-default\">Meet the Experience Warehouse<\/h2>\t\t\t\t<\/div>\n\t\t\t\t<\/div>\n\t\t\t\t<div class=\"elementor-element elementor-element-76c822d elementor-widget elementor-widget-text-editor\" data-id=\"76c822d\" data-element_type=\"widget\" data-widget_type=\"text-editor.default\">\n\t\t\t\t<div class=\"elementor-widget-container\">\n\t\t\t\t\t\t\t\t\t<p>In one of the outskirts of P\u00e9cs, we have created a children's empire where democracy, children's rights and the development of children's decision-making skills play a key role.<br \/>Our aim is to open up the world to the children who come to us, to give them opportunities and to let them know that they can always count on us, that they can always turn to us for help. <br \/>We work as a grassroots, independent team, so maintaining our activities requires constant creative solutions.<\/p>\t\t\t\t\t\t\t\t<\/div>\n\t\t\t\t<\/div>\n\t\t\t\t<\/div>\n\t\t\t\t\t<\/div>\n\t\t\t\t<\/div>\n\t\t<div class=\"elementor-element elementor-element-a839e18 e-flex e-con-boxed e-con e-parent\" data-id=\"a839e18\" data-element_type=\"container\">\n\t\t\t\t\t<div class=\"e-con-inner\">\n\t\t<div class=\"elementor-element elementor-element-450d37f e-con-full e-flex e-con e-child\" data-id=\"450d37f\" data-element_type=\"container\">\n\t\t\t\t<div class=\"elementor-element elementor-element-de5a70e elementor-widget elementor-widget-heading\" data-id=\"de5a70e\" data-element_type=\"widget\" data-widget_type=\"heading.default\">\n\t\t\t\t<div class=\"elementor-widget-container\">\n\t\t\t\t\t<h2 class=\"elementor-heading-title elementor-size-default\">Our vision<\/h2>\t\t\t\t<\/div>\n\t\t\t\t<\/div>\n\t\t\t\t<div class=\"elementor-element elementor-element-356e388 elementor-widget elementor-widget-text-editor\" data-id=\"356e388\" data-element_type=\"widget\" data-widget_type=\"text-editor.default\">\n\t\t\t\t<div class=\"elementor-widget-container\">\n\t\t\t\t\t\t\t\t\t<p dir=\"ltr\">We want to live in a P\u00e9cs where children connected to us can represent their interests, have opportunities and experiences.<\/p><p dir=\"ltr\">We are a community space for primary school-age children, where we work to reduce social injustice.<\/p>\t\t\t\t\t\t\t\t<\/div>\n\t\t\t\t<\/div>\n\t\t\t\t<\/div>\n\t\t<div class=\"elementor-element elementor-element-8a1574c e-con-full e-flex e-con e-child\" data-id=\"8a1574c\" data-element_type=\"container\">\n\t\t\t\t<div class=\"elementor-element elementor-element-0714c8e elementor-widget elementor-widget-heading\" data-id=\"0714c8e\" data-element_type=\"widget\" data-widget_type=\"heading.default\">\n\t\t\t\t<div class=\"elementor-widget-container\">\n\t\t\t\t\t<h2 class=\"elementor-heading-title elementor-size-default\">Our mission<\/h2>\t\t\t\t<\/div>\n\t\t\t\t<\/div>\n\t\t\t\t<div class=\"elementor-element elementor-element-a5f01bf elementor-widget elementor-widget-text-editor\" data-id=\"a5f01bf\" data-element_type=\"widget\" data-widget_type=\"text-editor.default\">\n\t\t\t\t<div class=\"elementor-widget-container\">\n\t\t\t\t\t\t\t\t\t<p>We help children develop through shared experiences, while providing a mentoring programme and personalised learning support.\u00a0<\/p><p>We are also actively working for social justice and equal opportunities for young people through our child protection programmes and awareness-raising initiatives.<\/p>\t\t\t\t\t\t\t\t<\/div>\n\t\t\t\t<\/div>\n\t\t\t\t<\/div>\n\t\t\t\t\t<\/div>\n\t\t\t\t<\/div>\n\t\t<div class=\"elementor-element elementor-element-da37c24 e-flex e-con-boxed e-con e-parent\" data-id=\"da37c24\" data-element_type=\"container\">\n\t\t\t\t\t<div class=\"e-con-inner\">\n\t\t\t\t<div class=\"elementor-element elementor-element-8f668cf elementor-widget elementor-widget-image\" data-id=\"8f668cf\" data-element_type=\"widget\" data-widget_type=\"image.default\">\n\t\t\t\t<div class=\"elementor-widget-container\">\n\t\t\t\t\t\t\t\t\t\t\t\t\t\t\t<img decoding=\"async\" width=\"940\" height=\"788\" src=\"https:\/\/elmenytarpecs.hu\/wp-content\/uploads\/2025\/12\/Szervezeti-ertekek.png\" class=\"attachment-large size-large wp-image-9187\" alt=\"\" srcset=\"https:\/\/elmenytarpecs.hu\/wp-content\/uploads\/2025\/12\/Szervezeti-ertekek.png 940w, https:\/\/elmenytarpecs.hu\/wp-content\/uploads\/2025\/12\/Szervezeti-ertekek-300x251.png 300w, https:\/\/elmenytarpecs.hu\/wp-content\/uploads\/2025\/12\/Szervezeti-ertekek-768x644.png 768w, https:\/\/elmenytarpecs.hu\/wp-content\/uploads\/2025\/12\/Szervezeti-ertekek-14x12.png 14w, https:\/\/elmenytarpecs.hu\/wp-content\/uploads\/2025\/12\/Szervezeti-ertekek-600x503.png 600w\" sizes=\"(max-width: 940px) 100vw, 940px\" \/>\t\t\t\t\t\t\t\t\t\t\t\t\t\t\t<\/div>\n\t\t\t\t<\/div>\n\t\t\t\t\t<\/div>\n\t\t\t\t<\/div>\n\t\t<div class=\"elementor-element elementor-element-9b5e9bd e-flex e-con-boxed e-con e-parent\" data-id=\"9b5e9bd\" data-element_type=\"container\">\n\t\t\t\t\t<div class=\"e-con-inner\">\n\t\t\t\t<div class=\"elementor-element elementor-element-c103cab elementor-widget elementor-widget-text-editor\" data-id=\"c103cab\" data-element_type=\"widget\" data-widget_type=\"text-editor.default\">\n\t\t\t\t<div class=\"elementor-widget-container\">\n\t\t\t\t\t\t\t\t\t<p><a href=\"https:\/\/drive.google.com\/file\/d\/149xs3KR3srr87DJSaKIMJwp7yh0eRfJ7\/view?usp=drive_link\">Our statutes<\/a><\/p><p><a href=\"https:\/\/drive.google.com\/drive\/folders\/1qzmcj03XvQzbv23zYVPZKK-BWJG8XM04?usp=drive_link\">Our annual report (NAV) <\/a><\/p><p><a href=\"https:\/\/drive.google.com\/file\/d\/1s-GHHNval3zhea0j7GnD5cYUIYnLvXCi\/view?usp=sharing\">Our Annual Report (Annual Report)<\/a><\/p><p><a href=\"https:\/\/docs.google.com\/document\/d\/1wKK2yN84TPKofIleNnDBZHMRxddSGGwy\/edit?usp=sharing&amp;ouid=109232652919790006516&amp;rtpof=true&amp;sd=true\">Child protection policy<\/a><\/p><p><a href=\"https:\/\/drive.google.com\/file\/d\/1JNfdkgxnirG1Fy1fweggYTon_lI5z8YJ\/view\">KOZ Declaration - Use of 1%<\/a><\/p><p><a href=\"https:\/\/drive.google.com\/file\/d\/1sYqgeYSlNGIgoUEPjVQycYI-HIV80XDt\/view\">KSH statistical report<\/a><\/p>\t\t\t\t\t\t\t\t<\/div>\n\t\t\t\t<\/div>\n\t\t\t\t\t<\/div>\n\t\t\t\t<\/div>\n\t\t<div class=\"elementor-element elementor-element-e80d26e e-flex e-con-boxed e-con e-parent\" data-id=\"e80d26e\" data-element_type=\"container\">\n\t\t\t\t\t<div class=\"e-con-inner\">\n\t\t\t\t<div class=\"elementor-element elementor-element-f0e5566 elementor-widget elementor-widget-image\" data-id=\"f0e5566\" data-element_type=\"widget\" data-widget_type=\"image.default\">\n\t\t\t\t<div class=\"elementor-widget-container\">\n\t\t\t\t\t\t\t\t\t\t\t\t\t\t\t<img decoding=\"async\" width=\"1024\" height=\"366\" src=\"https:\/\/elmenytarpecs.hu\/wp-content\/uploads\/2025\/12\/Kepernyofoto-2025-12-08-11.52.04-1024x366.png\" class=\"attachment-large size-large wp-image-9188\" alt=\"\" srcset=\"https:\/\/elmenytarpecs.hu\/wp-content\/uploads\/2025\/12\/Kepernyofoto-2025-12-08-11.52.04-1024x366.png 1024w, https:\/\/elmenytarpecs.hu\/wp-content\/uploads\/2025\/12\/Kepernyofoto-2025-12-08-11.52.04-300x107.png 300w, https:\/\/elmenytarpecs.hu\/wp-content\/uploads\/2025\/12\/Kepernyofoto-2025-12-08-11.52.04-768x274.png 768w, https:\/\/elmenytarpecs.hu\/wp-content\/uploads\/2025\/12\/Kepernyofoto-2025-12-08-11.52.04-18x6.png 18w, https:\/\/elmenytarpecs.hu\/wp-content\/uploads\/2025\/12\/Kepernyofoto-2025-12-08-11.52.04-600x214.png 600w, https:\/\/elmenytarpecs.hu\/wp-content\/uploads\/2025\/12\/Kepernyofoto-2025-12-08-11.52.04.png 1226w\" sizes=\"(max-width: 1024px) 100vw, 1024px\" \/>\t\t\t\t\t\t\t\t\t\t\t\t\t\t\t<\/div>\n\t\t\t\t<\/div>\n\t\t\t\t\t<\/div>\n\t\t\t\t<\/div>\n\t\t\t\t<\/div>","protected":false},"excerpt":{"rendered":"<p>R\u00f3lunk Ismerd meg az \u00c9lm\u00e9ny T\u00e1rat P\u00e9cs egyik peremker\u00fclet\u00e9n es\u00e9lyteremt\u0151 gyerek birodalmat alkottunk meg, ahol a demokr\u00e1ci\u00e1nak, a gyermekjogok \u00e9s a gyerekek d\u00f6nt\u00e9shozatali k\u00e9pess\u00e9g\u00e9nek fejleszt\u00e9se kap f\u0151szerepet.C\u00e9lunk, hogy a hozz\u00e1nk j\u00e1r\u00f3 gyerekek sz\u00e1m\u00e1ra kinyissuk a vil\u00e1got, lehet\u0151s\u00e9gekhez juttassuk \u0151ket \u00e9s, hogy tudj\u00e1k, r\u00e1nk mindig sz\u00e1m\u00edthatnak, hozz\u00e1nk mindig fordulhatnak seg\u00edts\u00e9g\u00e9rt. Munk\u00e1nkat alulr\u00f3l szervez\u0151d\u0151, f\u00fcggetlen csapatk\u00e9nt v\u00e9gezz\u00fck, [&hellip;]<\/p>","protected":false},"author":1,"featured_media":0,"parent":0,"menu_order":0,"comment_status":"closed","ping_status":"closed","template":"","meta":{"site-sidebar-layout":"no-sidebar","site-content-layout":"page-builder","ast-site-content-layout":"full-width-container","site-content-style":"default","site-sidebar-style":"default","ast-global-header-display":"","ast-banner-title-visibility":"","ast-main-header-display":"","ast-hfb-above-header-display":"","ast-hfb-below-header-display":"","ast-hfb-mobile-header-display":"","site-post-title":"disabled","ast-breadcrumbs-content":"","ast-featured-img":"disabled","footer-sml-layout":"","ast-disable-related-posts":"","theme-transparent-header-meta":"","adv-header-id-meta":"","stick-header-meta":"","header-above-stick-meta":"","header-main-stick-meta":"","header-below-stick-meta":"","astra-migrate-meta-layouts":"set","ast-page-background-enabled":"default","ast-page-background-meta":{"desktop":{"background-color":"","background-image":"","background-repeat":"repeat","background-position":"center center","background-size":"auto","background-attachment":"scroll","background-type":"","background-media":"","overlay-type":"","overlay-color":"","overlay-opacity":"","overlay-gradient":""},"tablet":{"background-color":"","background-image":"","background-repeat":"repeat","background-position":"center center","background-size":"auto","background-attachment":"scroll","background-type":"","background-media":"","overlay-type":"","overlay-color":"","overlay-opacity":"","overlay-gradient":""},"mobile":{"background-color":"","background-image":"","background-repeat":"repeat","background-position":"center center","background-size":"auto","background-attachment":"scroll","background-type":"","background-media":"","overlay-type":"","overlay-color":"","overlay-opacity":"","overlay-gradient":""}},"ast-content-background-meta":{"desktop":{"background-color":"var(--ast-global-color-5)","background-image":"","background-repeat":"repeat","background-position":"center center","background-size":"auto","background-attachment":"scroll","background-type":"","background-media":"","overlay-type":"","overlay-color":"","overlay-opacity":"","overlay-gradient":""},"tablet":{"background-color":"var(--ast-global-color-5)","background-image":"","background-repeat":"repeat","background-position":"center center","background-size":"auto","background-attachment":"scroll","background-type":"","background-media":"","overlay-type":"","overlay-color":"","overlay-opacity":"","overlay-gradient":""},"mobile":{"background-color":"var(--ast-global-color-5)","background-image":"","background-repeat":"repeat","background-position":"center center","background-size":"auto","background-attachment":"scroll","background-type":"","background-media":"","overlay-type":"","overlay-color":"","overlay-opacity":"","overlay-gradient":""}},"footnotes":""},"class_list":["post-9157","page","type-page","status-publish","hentry"],"_links":{"self":[{"href":"https:\/\/elmenytarpecs.hu\/en\/wp-json\/wp\/v2\/pages\/9157","targetHints":{"allow":["GET"]}}],"collection":[{"href":"https:\/\/elmenytarpecs.hu\/en\/wp-json\/wp\/v2\/pages"}],"about":[{"href":"https:\/\/elmenytarpecs.hu\/en\/wp-json\/wp\/v2\/types\/page"}],"author":[{"embeddable":true,"href":"https:\/\/elmenytarpecs.hu\/en\/wp-json\/wp\/v2\/users\/1"}],"replies":[{"embeddable":true,"href":"https:\/\/elmenytarpecs.hu\/en\/wp-json\/wp\/v2\/comments?post=9157"}],"version-history":[{"count":13,"href":"https:\/\/elmenytarpecs.hu\/en\/wp-json\/wp\/v2\/pages\/9157\/revisions"}],"predecessor-version":[{"id":9507,"href":"https:\/\/elmenytarpecs.hu\/en\/wp-json\/wp\/v2\/pages\/9157\/revisions\/9507"}],"wp:attachment":[{"href":"https:\/\/elmenytarpecs.hu\/en\/wp-json\/wp\/v2\/media?parent=9157"}],"curies":[{"name":"wp","href":"https:\/\/api.w.org\/{rel}","templated":true}]}}