{"id":9149,"date":"2025-12-08T09:43:26","date_gmt":"2025-12-08T09:43:26","guid":{"rendered":"https:\/\/elmenytarpecs.hu\/?page_id=9149"},"modified":"2025-12-26T10:08:52","modified_gmt":"2025-12-26T10:08:52","slug":"kulsos-szakkorok","status":"publish","type":"page","link":"https:\/\/elmenytarpecs.hu\/en\/kulsos-szakkorok\/","title":{"rendered":"External workshops"},"content":{"rendered":"<div data-elementor-type=\"wp-page\" data-elementor-id=\"9149\" class=\"elementor elementor-9149\" data-elementor-post-type=\"page\">\n\t\t\t\t<div class=\"elementor-element elementor-element-f7e5938 e-flex e-con-boxed e-con e-parent\" data-id=\"f7e5938\" data-element_type=\"container\">\n\t\t\t\t\t<div class=\"e-con-inner\">\n\t\t<div class=\"elementor-element elementor-element-1d1850f e-con-full e-flex e-con e-child\" data-id=\"1d1850f\" data-element_type=\"container\">\n\t\t\t\t<div class=\"elementor-element elementor-element-919a3e2 elementor-widget elementor-widget-heading\" data-id=\"919a3e2\" data-element_type=\"widget\" data-widget_type=\"heading.default\">\n\t\t\t\t<div class=\"elementor-widget-container\">\n\t\t\t\t\t<h2 class=\"elementor-heading-title elementor-size-default\">Informatika szakk\u00f6r a Charter Informatik\u00e1val<\/h2>\t\t\t\t<\/div>\n\t\t\t\t<\/div>\n\t\t\t\t<div class=\"elementor-element elementor-element-dd33f68 elementor-widget elementor-widget-text-editor\" data-id=\"dd33f68\" data-element_type=\"widget\" data-widget_type=\"text-editor.default\">\n\t\t\t\t<div class=\"elementor-widget-container\">\n\t\t\t\t\t\t\t\t\t<p>2019 v\u00e9g\u00e9n a DMS One Kft. t\u00e1mogat\u00e1s\u00e1b\u00f3l siker\u00fclt elind\u00edtanunk egy olyan k\u00fcls\u0151 informatika oktat\u00e1st, ami szak\u00e9rt\u0151i m\u00f3don tudja t\u00e1mogatni a hozz\u00e1nk j\u00e1r\u00f3 gyerekeket abban, hogy az IKT tud\u00e1sukat, kompetenci\u00e1jukat fejleszteni tudj\u00e1k. Ez a programunk az\u00f3ta is t\u00f6retlen intenzit\u00e1ssal zajlik \u00e9s a benne r\u00e9sztvev\u0151 gyerekek tudatosan felj\u0151dnek a sz\u00e1m\u00edt\u00f3g\u00e9p- \u00e9s internethaszn\u00e1lat, a g\u00e9p\u00edr\u00e1s, a programoz\u00e1s \u00e9s a robotika ter\u00fclet\u00e9n is. A <a href=\"https:\/\/informatika.charter.hu\/\">Charter Informatika<\/a> nem csak a tan\u00e9v k\u00f6zben biztos\u00edt lehet\u0151s\u00e9get szervezet\u00fcnk sz\u00e1m\u00e1ra arra, hogy rendszeresen elj\u00e1rjunk a gyereikeinkkel a szakk\u00f6r\u00f6kre, hanem a ny\u00e1ri napk\u00f6zis t\u00e1boraik sor\u00e1n is kedvezm\u00e9nyes helyet garant\u00e1l a hozz\u00e1nk j\u00e1r\u00f3 gyerekek sz\u00e1m\u00e1ra, amelyet egy m\u00e1sik v\u00e1llalati t\u00e1mogat\u00e1s\u00e1nak k\u00f6sz\u00f6nhet\u0151en tudunk finansz\u00edrozni az \u00e9lm\u00e9ny t\u00e1ras gyerekeknek, akik \u00e9v k\u00f6zben is rendszeresen vesznek r\u00e9szt a foglalkoz\u00e1sokon.<\/p>\t\t\t\t\t\t\t\t<\/div>\n\t\t\t\t<\/div>\n\t\t\t\t<\/div>\n\t\t<div class=\"elementor-element elementor-element-caa12a4 e-con-full e-flex e-con e-child\" data-id=\"caa12a4\" data-element_type=\"container\">\n\t\t\t\t<div class=\"elementor-element elementor-element-6e57895 elementor-widget elementor-widget-image\" data-id=\"6e57895\" data-element_type=\"widget\" data-widget_type=\"image.default\">\n\t\t\t\t<div class=\"elementor-widget-container\">\n\t\t\t\t\t\t\t\t\t\t\t\t\t\t\t<img fetchpriority=\"high\" decoding=\"async\" width=\"1024\" height=\"473\" src=\"https:\/\/elmenytarpecs.hu\/wp-content\/uploads\/2025\/12\/452569821_473118698806374_3927591455239383019_n-1536x709-1-1024x473.jpg\" class=\"attachment-large size-large wp-image-9327\" alt=\"\" srcset=\"https:\/\/elmenytarpecs.hu\/wp-content\/uploads\/2025\/12\/452569821_473118698806374_3927591455239383019_n-1536x709-1-1024x473.jpg 1024w, https:\/\/elmenytarpecs.hu\/wp-content\/uploads\/2025\/12\/452569821_473118698806374_3927591455239383019_n-1536x709-1-300x138.jpg 300w, https:\/\/elmenytarpecs.hu\/wp-content\/uploads\/2025\/12\/452569821_473118698806374_3927591455239383019_n-1536x709-1-768x355.jpg 768w, https:\/\/elmenytarpecs.hu\/wp-content\/uploads\/2025\/12\/452569821_473118698806374_3927591455239383019_n-1536x709-1-18x8.jpg 18w, https:\/\/elmenytarpecs.hu\/wp-content\/uploads\/2025\/12\/452569821_473118698806374_3927591455239383019_n-1536x709-1-600x277.jpg 600w, https:\/\/elmenytarpecs.hu\/wp-content\/uploads\/2025\/12\/452569821_473118698806374_3927591455239383019_n-1536x709-1.jpg 1536w\" sizes=\"(max-width: 1024px) 100vw, 1024px\" \/>\t\t\t\t\t\t\t\t\t\t\t\t\t\t\t<\/div>\n\t\t\t\t<\/div>\n\t\t\t\t<div class=\"elementor-element elementor-element-586cfc7 elementor-widget elementor-widget-image\" data-id=\"586cfc7\" data-element_type=\"widget\" data-widget_type=\"image.default\">\n\t\t\t\t<div class=\"elementor-widget-container\">\n\t\t\t\t\t\t\t\t\t\t\t\t\t\t\t<img decoding=\"async\" width=\"318\" height=\"159\" src=\"https:\/\/elmenytarpecs.hu\/wp-content\/uploads\/2025\/12\/charter.jpg\" class=\"attachment-large size-large wp-image-9328\" alt=\"\" srcset=\"https:\/\/elmenytarpecs.hu\/wp-content\/uploads\/2025\/12\/charter.jpg 318w, https:\/\/elmenytarpecs.hu\/wp-content\/uploads\/2025\/12\/charter-300x150.jpg 300w, https:\/\/elmenytarpecs.hu\/wp-content\/uploads\/2025\/12\/charter-18x9.jpg 18w\" sizes=\"(max-width: 318px) 100vw, 318px\" \/>\t\t\t\t\t\t\t\t\t\t\t\t\t\t\t<\/div>\n\t\t\t\t<\/div>\n\t\t\t\t<\/div>\n\t\t\t\t\t<\/div>\n\t\t\t\t<\/div>\n\t\t<div class=\"elementor-element elementor-element-13d18c8 e-flex e-con-boxed e-con e-parent\" data-id=\"13d18c8\" data-element_type=\"container\">\n\t\t\t\t\t<div class=\"e-con-inner\">\n\t\t<div class=\"elementor-element elementor-element-2bc17c5 e-con-full e-flex e-con e-child\" data-id=\"2bc17c5\" data-element_type=\"container\">\n\t\t\t\t<div class=\"elementor-element elementor-element-be0e0f6 elementor-widget elementor-widget-image\" data-id=\"be0e0f6\" data-element_type=\"widget\" data-widget_type=\"image.default\">\n\t\t\t\t<div class=\"elementor-widget-container\">\n\t\t\t\t\t\t\t\t\t\t\t\t\t\t\t<img decoding=\"async\" width=\"1024\" height=\"576\" src=\"https:\/\/elmenytarpecs.hu\/wp-content\/uploads\/2025\/12\/IMG_20220217_163050-1536x864-1-1024x576.jpg\" class=\"attachment-large size-large wp-image-9329\" alt=\"\" srcset=\"https:\/\/elmenytarpecs.hu\/wp-content\/uploads\/2025\/12\/IMG_20220217_163050-1536x864-1-1024x576.jpg 1024w, https:\/\/elmenytarpecs.hu\/wp-content\/uploads\/2025\/12\/IMG_20220217_163050-1536x864-1-300x169.jpg 300w, https:\/\/elmenytarpecs.hu\/wp-content\/uploads\/2025\/12\/IMG_20220217_163050-1536x864-1-768x432.jpg 768w, https:\/\/elmenytarpecs.hu\/wp-content\/uploads\/2025\/12\/IMG_20220217_163050-1536x864-1-18x10.jpg 18w, https:\/\/elmenytarpecs.hu\/wp-content\/uploads\/2025\/12\/IMG_20220217_163050-1536x864-1-600x338.jpg 600w, https:\/\/elmenytarpecs.hu\/wp-content\/uploads\/2025\/12\/IMG_20220217_163050-1536x864-1.jpg 1536w\" sizes=\"(max-width: 1024px) 100vw, 1024px\" \/>\t\t\t\t\t\t\t\t\t\t\t\t\t\t\t<\/div>\n\t\t\t\t<\/div>\n\t\t\t\t<\/div>\n\t\t<div class=\"elementor-element elementor-element-3d9231a e-con-full e-flex e-con e-child\" data-id=\"3d9231a\" data-element_type=\"container\">\n\t\t\t\t<div class=\"elementor-element elementor-element-1cb5e95 elementor-widget elementor-widget-heading\" data-id=\"1cb5e95\" data-element_type=\"widget\" data-widget_type=\"heading.default\">\n\t\t\t\t<div class=\"elementor-widget-container\">\n\t\t\t\t\t<h2 class=\"elementor-heading-title elementor-size-default\">Paci Projekt<\/h2>\t\t\t\t<\/div>\n\t\t\t\t<\/div>\n\t\t\t\t<div class=\"elementor-element elementor-element-23acbd9 elementor-widget elementor-widget-text-editor\" data-id=\"23acbd9\" data-element_type=\"widget\" data-widget_type=\"text-editor.default\">\n\t\t\t\t<div class=\"elementor-widget-container\">\n\t\t\t\t\t\t\t\t\t<p>A Paci Projekt a legels\u0151 k\u00fcls\u0151s szakk\u00f6r\u00fcnk volt, amelyet m\u00e9g 2017-ben kezdt\u00fcnk el megval\u00f3s\u00edtani kiz\u00e1r\u00f3lag mag\u00e1n emberek t\u00e1mogat\u00e1s\u00e1nak k\u00f6sz\u00f6nhet\u0151en. Kevey Bella az az edz\u0151, aki az\u00f3ta folyamatosan, nagy figyelemmel, odaad\u00e1ssal \u00e9s lelkesed\u00e9ssel dolgozik egy\u00fctt az \u00e9lm\u00e9ny t\u00e1ras kis \u00e9s m\u00e1r nagyobb lovasokkal is. H\u00e1l\u00e1sak vagyunk a t\u00e1mogat\u00f3inknak \u00e9s Bell\u00e1nak is, hogy ilyen hossz\u00fa id\u0151n kereszt\u00fcl egy\u00fcttm\u0171k\u00f6dhet\u00fcnk ebben a projektben, hiszen az elm\u00falt \u00e9vek sor\u00e1n 20 hozz\u00e1nk j\u00e1r\u00f3 gyermek szerezhetett \u00f6nbizalmat, fejleszthette a koncentr\u00e1ci\u00f3j\u00e1t, a t\u00fcrelm\u00e9t \u00e9s szerezhetett olyan pozit\u00edv meger\u0151s\u00edt\u00e9seket \u00e9s visszajelz\u00e9seket a lovagl\u00e1s \u00e1ltal, amely egy \u00e9letre elk\u00eds\u00e9ri \u0151ket. Rengeteg \u00e9lm\u00e9ny, nevet\u00e9s \u00e9s k\u00fczd\u00e9s, sok-sok ny\u00e1ri t\u00e1bor, \u00faj \u00e9s r\u00e9gi bar\u00e1ts\u00e1gok \u00e9s kifogyhatatlan emberi kapcsol\u00f3d\u00e1sok k\u00eds\u00e9rik ezt a programot!<\/p><p>Minden \u00e9v v\u00e9g\u00e9n keress\u00fck azokat az elk\u00f6telezett embereket, akik egy \u00e9vre sz\u00edvesen lenn\u00e9nek egy-egy kis lovasunk Patr\u00f3nusai. Ha T\u00e9ged is \u00e9rdekel ez a t\u00e1mogat\u00e1si lehet\u0151s\u00e9g, \u00edrj nek\u00fcnk \u00fczenetet <img decoding=\"async\" class=\"emoji\" role=\"img\" draggable=\"false\" src=\"https:\/\/s.w.org\/images\/core\/emoji\/17.0.2\/svg\/1f642.svg\" alt=\"\ud83d\ude42\" \/><\/p>\t\t\t\t\t\t\t\t<\/div>\n\t\t\t\t<\/div>\n\t\t\t\t<\/div>\n\t\t\t\t\t<\/div>\n\t\t\t\t<\/div>\n\t\t<div class=\"elementor-element elementor-element-5d0b568 e-flex e-con-boxed e-con e-parent\" data-id=\"5d0b568\" data-element_type=\"container\">\n\t\t\t\t\t<div class=\"e-con-inner\">\n\t\t\t\t<div class=\"elementor-element elementor-element-c83642d elementor-widget elementor-widget-gallery\" data-id=\"c83642d\" data-element_type=\"widget\" data-settings=\"{&quot;lazyload&quot;:&quot;yes&quot;,&quot;gallery_layout&quot;:&quot;grid&quot;,&quot;columns&quot;:4,&quot;columns_tablet&quot;:2,&quot;columns_mobile&quot;:1,&quot;gap&quot;:{&quot;unit&quot;:&quot;px&quot;,&quot;size&quot;:10,&quot;sizes&quot;:[]},&quot;gap_tablet&quot;:{&quot;unit&quot;:&quot;px&quot;,&quot;size&quot;:10,&quot;sizes&quot;:[]},&quot;gap_mobile&quot;:{&quot;unit&quot;:&quot;px&quot;,&quot;size&quot;:10,&quot;sizes&quot;:[]},&quot;link_to&quot;:&quot;file&quot;,&quot;aspect_ratio&quot;:&quot;3:2&quot;,&quot;overlay_background&quot;:&quot;yes&quot;,&quot;content_hover_animation&quot;:&quot;fade-in&quot;}\" data-widget_type=\"gallery.default\">\n\t\t\t\t<div class=\"elementor-widget-container\">\n\t\t\t\t\t\t\t<div class=\"elementor-gallery__container\">\n\t\t\t\t\t\t\t<a class=\"e-gallery-item elementor-gallery-item elementor-animated-content\" href=\"https:\/\/elmenytarpecs.hu\/wp-content\/uploads\/2025\/12\/452569821_473118698806374_3927591455239383019_n-1.jpg\" data-elementor-open-lightbox=\"yes\" data-elementor-lightbox-slideshow=\"c83642d\" data-elementor-lightbox-title=\"452569821_473118698806374_3927591455239383019_n-1\" data-e-action-hash=\"#elementor-action%3Aaction%3Dlightbox%26settings%3DeyJpZCI6OTMzMCwidXJsIjoiaHR0cHM6XC9cL2VsbWVueXRhcnBlY3MuaHVcL3dwLWNvbnRlbnRcL3VwbG9hZHNcLzIwMjVcLzEyXC80NTI1Njk4MjFfNDczMTE4Njk4ODA2Mzc0XzM5Mjc1OTE0NTUyMzkzODMwMTlfbi0xLmpwZyIsInNsaWRlc2hvdyI6ImM4MzY0MmQifQ%3D%3D\">\n\t\t\t\t\t<div class=\"e-gallery-image elementor-gallery-item__image\" data-thumbnail=\"https:\/\/elmenytarpecs.hu\/wp-content\/uploads\/2025\/12\/452569821_473118698806374_3927591455239383019_n-1.jpg\" data-width=\"2048\" data-height=\"945\" aria-label=\"\" role=\"img\" ><\/div>\n\t\t\t\t\t\t\t\t\t\t\t<div class=\"elementor-gallery-item__overlay\"><\/div>\n\t\t\t\t\t\t\t\t\t\t\t\t\t\t<\/a>\n\t\t\t\t\t\t\t<a class=\"e-gallery-item elementor-gallery-item elementor-animated-content\" href=\"https:\/\/elmenytarpecs.hu\/wp-content\/uploads\/2025\/12\/IMG_3890-scaled.jpg\" data-elementor-open-lightbox=\"yes\" data-elementor-lightbox-slideshow=\"c83642d\" data-elementor-lightbox-title=\"IMG_3890\" data-e-action-hash=\"#elementor-action%3Aaction%3Dlightbox%26settings%3DeyJpZCI6OTMzMSwidXJsIjoiaHR0cHM6XC9cL2VsbWVueXRhcnBlY3MuaHVcL3dwLWNvbnRlbnRcL3VwbG9hZHNcLzIwMjVcLzEyXC9JTUdfMzg5MC1zY2FsZWQuanBnIiwic2xpZGVzaG93IjoiYzgzNjQyZCJ9\">\n\t\t\t\t\t<div class=\"e-gallery-image elementor-gallery-item__image\" data-thumbnail=\"https:\/\/elmenytarpecs.hu\/wp-content\/uploads\/2025\/12\/IMG_3890-scaled.jpg\" data-width=\"2560\" data-height=\"1920\" aria-label=\"\" role=\"img\" ><\/div>\n\t\t\t\t\t\t\t\t\t\t\t<div class=\"elementor-gallery-item__overlay\"><\/div>\n\t\t\t\t\t\t\t\t\t\t\t\t\t\t<\/a>\n\t\t\t\t\t\t\t<a class=\"e-gallery-item elementor-gallery-item elementor-animated-content\" href=\"https:\/\/elmenytarpecs.hu\/wp-content\/uploads\/2025\/12\/IMG_3893-scaled.jpg\" data-elementor-open-lightbox=\"yes\" data-elementor-lightbox-slideshow=\"c83642d\" data-elementor-lightbox-title=\"IMG_3893\" data-e-action-hash=\"#elementor-action%3Aaction%3Dlightbox%26settings%3DeyJpZCI6OTMzMiwidXJsIjoiaHR0cHM6XC9cL2VsbWVueXRhcnBlY3MuaHVcL3dwLWNvbnRlbnRcL3VwbG9hZHNcLzIwMjVcLzEyXC9JTUdfMzg5My1zY2FsZWQuanBnIiwic2xpZGVzaG93IjoiYzgzNjQyZCJ9\">\n\t\t\t\t\t<div class=\"e-gallery-image elementor-gallery-item__image\" data-thumbnail=\"https:\/\/elmenytarpecs.hu\/wp-content\/uploads\/2025\/12\/IMG_3893-scaled.jpg\" data-width=\"1920\" data-height=\"2560\" aria-label=\"\" role=\"img\" ><\/div>\n\t\t\t\t\t\t\t\t\t\t\t<div class=\"elementor-gallery-item__overlay\"><\/div>\n\t\t\t\t\t\t\t\t\t\t\t\t\t\t<\/a>\n\t\t\t\t\t\t\t<a class=\"e-gallery-item elementor-gallery-item elementor-animated-content\" href=\"https:\/\/elmenytarpecs.hu\/wp-content\/uploads\/2025\/12\/IMG_5850-scaled-1.jpg\" data-elementor-open-lightbox=\"yes\" data-elementor-lightbox-slideshow=\"c83642d\" data-elementor-lightbox-title=\"IMG_5850-scaled\" data-e-action-hash=\"#elementor-action%3Aaction%3Dlightbox%26settings%3DeyJpZCI6OTMzMywidXJsIjoiaHR0cHM6XC9cL2VsbWVueXRhcnBlY3MuaHVcL3dwLWNvbnRlbnRcL3VwbG9hZHNcLzIwMjVcLzEyXC9JTUdfNTg1MC1zY2FsZWQtMS5qcGciLCJzbGlkZXNob3ciOiJjODM2NDJkIn0%3D\">\n\t\t\t\t\t<div class=\"e-gallery-image elementor-gallery-item__image\" data-thumbnail=\"https:\/\/elmenytarpecs.hu\/wp-content\/uploads\/2025\/12\/IMG_5850-scaled-1.jpg\" data-width=\"2560\" data-height=\"1707\" aria-label=\"\" role=\"img\" ><\/div>\n\t\t\t\t\t\t\t\t\t\t\t<div class=\"elementor-gallery-item__overlay\"><\/div>\n\t\t\t\t\t\t\t\t\t\t\t\t\t\t<\/a>\n\t\t\t\t\t\t\t<a class=\"e-gallery-item elementor-gallery-item elementor-animated-content\" href=\"https:\/\/elmenytarpecs.hu\/wp-content\/uploads\/2025\/12\/IMG_8634-scaled-1.jpg\" data-elementor-open-lightbox=\"yes\" data-elementor-lightbox-slideshow=\"c83642d\" data-elementor-lightbox-title=\"IMG_8634-scaled\" data-e-action-hash=\"#elementor-action%3Aaction%3Dlightbox%26settings%3DeyJpZCI6OTMzNCwidXJsIjoiaHR0cHM6XC9cL2VsbWVueXRhcnBlY3MuaHVcL3dwLWNvbnRlbnRcL3VwbG9hZHNcLzIwMjVcLzEyXC9JTUdfODYzNC1zY2FsZWQtMS5qcGciLCJzbGlkZXNob3ciOiJjODM2NDJkIn0%3D\">\n\t\t\t\t\t<div class=\"e-gallery-image elementor-gallery-item__image\" data-thumbnail=\"https:\/\/elmenytarpecs.hu\/wp-content\/uploads\/2025\/12\/IMG_8634-scaled-1.jpg\" data-width=\"2560\" data-height=\"1920\" aria-label=\"\" role=\"img\" ><\/div>\n\t\t\t\t\t\t\t\t\t\t\t<div class=\"elementor-gallery-item__overlay\"><\/div>\n\t\t\t\t\t\t\t\t\t\t\t\t\t\t<\/a>\n\t\t\t\t\t\t\t<a class=\"e-gallery-item elementor-gallery-item elementor-animated-content\" href=\"https:\/\/elmenytarpecs.hu\/wp-content\/uploads\/2025\/12\/IMG_8637-scaled-1.jpg\" data-elementor-open-lightbox=\"yes\" data-elementor-lightbox-slideshow=\"c83642d\" data-elementor-lightbox-title=\"IMG_8637-scaled\" data-e-action-hash=\"#elementor-action%3Aaction%3Dlightbox%26settings%3DeyJpZCI6OTMzNSwidXJsIjoiaHR0cHM6XC9cL2VsbWVueXRhcnBlY3MuaHVcL3dwLWNvbnRlbnRcL3VwbG9hZHNcLzIwMjVcLzEyXC9JTUdfODYzNy1zY2FsZWQtMS5qcGciLCJzbGlkZXNob3ciOiJjODM2NDJkIn0%3D\">\n\t\t\t\t\t<div class=\"e-gallery-image elementor-gallery-item__image\" data-thumbnail=\"https:\/\/elmenytarpecs.hu\/wp-content\/uploads\/2025\/12\/IMG_8637-scaled-1.jpg\" data-width=\"2560\" data-height=\"1920\" aria-label=\"\" role=\"img\" ><\/div>\n\t\t\t\t\t\t\t\t\t\t\t<div class=\"elementor-gallery-item__overlay\"><\/div>\n\t\t\t\t\t\t\t\t\t\t\t\t\t\t<\/a>\n\t\t\t\t\t\t\t<a class=\"e-gallery-item elementor-gallery-item elementor-animated-content\" href=\"https:\/\/elmenytarpecs.hu\/wp-content\/uploads\/2025\/12\/IMG_9024-scaled.jpg\" data-elementor-open-lightbox=\"yes\" data-elementor-lightbox-slideshow=\"c83642d\" data-elementor-lightbox-title=\"IMG_9024\" data-e-action-hash=\"#elementor-action%3Aaction%3Dlightbox%26settings%3DeyJpZCI6OTMzNiwidXJsIjoiaHR0cHM6XC9cL2VsbWVueXRhcnBlY3MuaHVcL3dwLWNvbnRlbnRcL3VwbG9hZHNcLzIwMjVcLzEyXC9JTUdfOTAyNC1zY2FsZWQuanBnIiwic2xpZGVzaG93IjoiYzgzNjQyZCJ9\">\n\t\t\t\t\t<div class=\"e-gallery-image elementor-gallery-item__image\" data-thumbnail=\"https:\/\/elmenytarpecs.hu\/wp-content\/uploads\/2025\/12\/IMG_9024-scaled.jpg\" data-width=\"1920\" data-height=\"2560\" aria-label=\"\" role=\"img\" ><\/div>\n\t\t\t\t\t\t\t\t\t\t\t<div class=\"elementor-gallery-item__overlay\"><\/div>\n\t\t\t\t\t\t\t\t\t\t\t\t\t\t<\/a>\n\t\t\t\t\t\t\t<a class=\"e-gallery-item elementor-gallery-item elementor-animated-content\" href=\"https:\/\/elmenytarpecs.hu\/wp-content\/uploads\/2025\/12\/IMG_20220217_162947-scaled-1.jpg\" data-elementor-open-lightbox=\"yes\" data-elementor-lightbox-slideshow=\"c83642d\" data-elementor-lightbox-title=\"IMG_20220217_162947-scaled\" data-e-action-hash=\"#elementor-action%3Aaction%3Dlightbox%26settings%3DeyJpZCI6OTMzNywidXJsIjoiaHR0cHM6XC9cL2VsbWVueXRhcnBlY3MuaHVcL3dwLWNvbnRlbnRcL3VwbG9hZHNcLzIwMjVcLzEyXC9JTUdfMjAyMjAyMTdfMTYyOTQ3LXNjYWxlZC0xLmpwZyIsInNsaWRlc2hvdyI6ImM4MzY0MmQifQ%3D%3D\">\n\t\t\t\t\t<div class=\"e-gallery-image elementor-gallery-item__image\" data-thumbnail=\"https:\/\/elmenytarpecs.hu\/wp-content\/uploads\/2025\/12\/IMG_20220217_162947-scaled-1.jpg\" data-width=\"2560\" data-height=\"1439\" aria-label=\"\" role=\"img\" ><\/div>\n\t\t\t\t\t\t\t\t\t\t\t<div class=\"elementor-gallery-item__overlay\"><\/div>\n\t\t\t\t\t\t\t\t\t\t\t\t\t\t<\/a>\n\t\t\t\t\t\t\t<a class=\"e-gallery-item elementor-gallery-item elementor-animated-content\" href=\"https:\/\/elmenytarpecs.hu\/wp-content\/uploads\/2025\/12\/IMG_20220217_162958-1-scaled-1.jpg\" data-elementor-open-lightbox=\"yes\" data-elementor-lightbox-slideshow=\"c83642d\" data-elementor-lightbox-title=\"IMG_20220217_162958-1-scaled\" data-e-action-hash=\"#elementor-action%3Aaction%3Dlightbox%26settings%3DeyJpZCI6OTMzOCwidXJsIjoiaHR0cHM6XC9cL2VsbWVueXRhcnBlY3MuaHVcL3dwLWNvbnRlbnRcL3VwbG9hZHNcLzIwMjVcLzEyXC9JTUdfMjAyMjAyMTdfMTYyOTU4LTEtc2NhbGVkLTEuanBnIiwic2xpZGVzaG93IjoiYzgzNjQyZCJ9\">\n\t\t\t\t\t<div class=\"e-gallery-image elementor-gallery-item__image\" data-thumbnail=\"https:\/\/elmenytarpecs.hu\/wp-content\/uploads\/2025\/12\/IMG_20220217_162958-1-scaled-1.jpg\" data-width=\"2560\" data-height=\"1439\" aria-label=\"\" role=\"img\" ><\/div>\n\t\t\t\t\t\t\t\t\t\t\t<div class=\"elementor-gallery-item__overlay\"><\/div>\n\t\t\t\t\t\t\t\t\t\t\t\t\t\t<\/a>\n\t\t\t\t\t\t\t<a class=\"e-gallery-item elementor-gallery-item elementor-animated-content\" href=\"https:\/\/elmenytarpecs.hu\/wp-content\/uploads\/2025\/12\/IMG_20220217_163050-1-scaled-1.jpg\" data-elementor-open-lightbox=\"yes\" data-elementor-lightbox-slideshow=\"c83642d\" data-elementor-lightbox-title=\"IMG_20220217_163050-1-scaled\" data-e-action-hash=\"#elementor-action%3Aaction%3Dlightbox%26settings%3DeyJpZCI6OTMzOSwidXJsIjoiaHR0cHM6XC9cL2VsbWVueXRhcnBlY3MuaHVcL3dwLWNvbnRlbnRcL3VwbG9hZHNcLzIwMjVcLzEyXC9JTUdfMjAyMjAyMTdfMTYzMDUwLTEtc2NhbGVkLTEuanBnIiwic2xpZGVzaG93IjoiYzgzNjQyZCJ9\">\n\t\t\t\t\t<div class=\"e-gallery-image elementor-gallery-item__image\" data-thumbnail=\"https:\/\/elmenytarpecs.hu\/wp-content\/uploads\/2025\/12\/IMG_20220217_163050-1-scaled-1.jpg\" data-width=\"2560\" data-height=\"1439\" aria-label=\"\" role=\"img\" ><\/div>\n\t\t\t\t\t\t\t\t\t\t\t<div class=\"elementor-gallery-item__overlay\"><\/div>\n\t\t\t\t\t\t\t\t\t\t\t\t\t\t<\/a>\n\t\t\t\t\t<\/div>\n\t\t\t\t\t<\/div>\n\t\t\t\t<\/div>\n\t\t\t\t\t<\/div>\n\t\t\t\t<\/div>\n\t\t\t\t<\/div>","protected":false},"excerpt":{"rendered":"<p>Informatika szakk\u00f6r a Charter Informatik\u00e1val 2019 v\u00e9g\u00e9n a DMS One Kft. t\u00e1mogat\u00e1s\u00e1b\u00f3l siker\u00fclt elind\u00edtanunk egy olyan k\u00fcls\u0151 informatika oktat\u00e1st, ami szak\u00e9rt\u0151i m\u00f3don tudja t\u00e1mogatni a hozz\u00e1nk j\u00e1r\u00f3 gyerekeket abban, hogy az IKT tud\u00e1sukat, kompetenci\u00e1jukat fejleszteni tudj\u00e1k. Ez a programunk az\u00f3ta is t\u00f6retlen intenzit\u00e1ssal zajlik \u00e9s a benne r\u00e9sztvev\u0151 gyerekek tudatosan felj\u0151dnek a sz\u00e1m\u00edt\u00f3g\u00e9p- \u00e9s internethaszn\u00e1lat, [&hellip;]<\/p>","protected":false},"author":1,"featured_media":0,"parent":0,"menu_order":0,"comment_status":"closed","ping_status":"closed","template":"","meta":{"site-sidebar-layout":"no-sidebar","site-content-layout":"page-builder","ast-site-content-layout":"full-width-container","site-content-style":"default","site-sidebar-style":"default","ast-global-header-display":"","ast-banner-title-visibility":"","ast-main-header-display":"","ast-hfb-above-header-display":"","ast-hfb-below-header-display":"","ast-hfb-mobile-header-display":"","site-post-title":"disabled","ast-breadcrumbs-content":"","ast-featured-img":"disabled","footer-sml-layout":"","ast-disable-related-posts":"","theme-transparent-header-meta":"","adv-header-id-meta":"","stick-header-meta":"","header-above-stick-meta":"","header-main-stick-meta":"","header-below-stick-meta":"","astra-migrate-meta-layouts":"set","ast-page-background-enabled":"default","ast-page-background-meta":{"desktop":{"background-color":"","background-image":"","background-repeat":"repeat","background-position":"center center","background-size":"auto","background-attachment":"scroll","background-type":"","background-media":"","overlay-type":"","overlay-color":"","overlay-opacity":"","overlay-gradient":""},"tablet":{"background-color":"","background-image":"","background-repeat":"repeat","background-position":"center center","background-size":"auto","background-attachment":"scroll","background-type":"","background-media":"","overlay-type":"","overlay-color":"","overlay-opacity":"","overlay-gradient":""},"mobile":{"background-color":"","background-image":"","background-repeat":"repeat","background-position":"center center","background-size":"auto","background-attachment":"scroll","background-type":"","background-media":"","overlay-type":"","overlay-color":"","overlay-opacity":"","overlay-gradient":""}},"ast-content-background-meta":{"desktop":{"background-color":"var(--ast-global-color-5)","background-image":"","background-repeat":"repeat","background-position":"center center","background-size":"auto","background-attachment":"scroll","background-type":"","background-media":"","overlay-type":"","overlay-color":"","overlay-opacity":"","overlay-gradient":""},"tablet":{"background-color":"var(--ast-global-color-5)","background-image":"","background-repeat":"repeat","background-position":"center center","background-size":"auto","background-attachment":"scroll","background-type":"","background-media":"","overlay-type":"","overlay-color":"","overlay-opacity":"","overlay-gradient":""},"mobile":{"background-color":"var(--ast-global-color-5)","background-image":"","background-repeat":"repeat","background-position":"center center","background-size":"auto","background-attachment":"scroll","background-type":"","background-media":"","overlay-type":"","overlay-color":"","overlay-opacity":"","overlay-gradient":""}},"footnotes":""},"class_list":["post-9149","page","type-page","status-publish","hentry"],"_links":{"self":[{"href":"https:\/\/elmenytarpecs.hu\/en\/wp-json\/wp\/v2\/pages\/9149","targetHints":{"allow":["GET"]}}],"collection":[{"href":"https:\/\/elmenytarpecs.hu\/en\/wp-json\/wp\/v2\/pages"}],"about":[{"href":"https:\/\/elmenytarpecs.hu\/en\/wp-json\/wp\/v2\/types\/page"}],"author":[{"embeddable":true,"href":"https:\/\/elmenytarpecs.hu\/en\/wp-json\/wp\/v2\/users\/1"}],"replies":[{"embeddable":true,"href":"https:\/\/elmenytarpecs.hu\/en\/wp-json\/wp\/v2\/comments?post=9149"}],"version-history":[{"count":7,"href":"https:\/\/elmenytarpecs.hu\/en\/wp-json\/wp\/v2\/pages\/9149\/revisions"}],"predecessor-version":[{"id":9504,"href":"https:\/\/elmenytarpecs.hu\/en\/wp-json\/wp\/v2\/pages\/9149\/revisions\/9504"}],"wp:attachment":[{"href":"https:\/\/elmenytarpecs.hu\/en\/wp-json\/wp\/v2\/media?parent=9149"}],"curies":[{"name":"wp","href":"https:\/\/api.w.org\/{rel}","templated":true}]}}