{"id":9145,"date":"2025-12-08T09:40:59","date_gmt":"2025-12-08T09:40:59","guid":{"rendered":"https:\/\/elmenytarpecs.hu\/?page_id=9145"},"modified":"2025-12-16T21:04:51","modified_gmt":"2025-12-16T21:04:51","slug":"programok","status":"publish","type":"page","link":"https:\/\/elmenytarpecs.hu\/en\/programok\/","title":{"rendered":"Programmes"},"content":{"rendered":"<div data-elementor-type=\"wp-page\" data-elementor-id=\"9145\" class=\"elementor elementor-9145\" data-elementor-post-type=\"page\">\n\t\t\t\t<div class=\"elementor-element elementor-element-c6d6978 e-flex e-con-boxed e-con e-parent\" data-id=\"c6d6978\" data-element_type=\"container\">\n\t\t\t\t\t<div class=\"e-con-inner\">\n\t\t<div class=\"elementor-element elementor-element-065ab9c e-con-full e-flex e-con e-child\" data-id=\"065ab9c\" data-element_type=\"container\">\n\t\t\t\t<div class=\"elementor-element elementor-element-d9e03ee elementor-widget elementor-widget-heading\" data-id=\"d9e03ee\" data-element_type=\"widget\" data-widget_type=\"heading.default\">\n\t\t\t\t<div class=\"elementor-widget-container\">\n\t\t\t\t\t<h2 class=\"elementor-heading-title elementor-size-default\">N\u00e1lunk minden a programokr\u00f3l sz\u00f3l!<\/h2>\t\t\t\t<\/div>\n\t\t\t\t<\/div>\n\t\t\t\t<div class=\"elementor-element elementor-element-f275959 elementor-widget elementor-widget-text-editor\" data-id=\"f275959\" data-element_type=\"widget\" data-widget_type=\"text-editor.default\">\n\t\t\t\t<div class=\"elementor-widget-container\">\n\t\t\t\t\t\t\t\t\t<p>Az akt\u00edv, tev\u00e9keny gyerekkor olyan \u00e9lm\u00e9nyekkel gazdag\u00edtja a gyerekeket, ami kihat eg\u00e9sz \u00e9let\u00fckre. Fontosnak tartjuk, hogy a hozz\u00e1nk j\u00e1r\u00f3 gyerekek es\u00e9lyt kapjanak arra, hogy sokf\u00e9le, min\u0151s\u00e9gi programban vehessenek r\u00e9szt. Ki\u00e1ll\u00edt\u00e1s, mozi, sz\u00ednh\u00e1z, t\u00e1borok, m\u0171helyek, kir\u00e1ndul\u00e1s, utaz\u00e1s, b\u00e1rmi.<\/p><p>Az \u00c9lm\u00e9ny T\u00e1rban k\u00f6z\u00f6s v\u00edzi\u00f3nk, hogy el\u0151seg\u00edts\u00fck a val\u00f3s t\u00e1rsadalmi mobilit\u00e1st a hozz\u00e1nk j\u00e1r\u00f3 gyerekek \u00e9s rajtuk kereszt\u00fcl jelenlegi \u00e9s j\u00f6v\u0151beli csal\u00e1djaik sz\u00e1m\u00e1ra.<\/p>\t\t\t\t\t\t\t\t<\/div>\n\t\t\t\t<\/div>\n\t\t\t\t<\/div>\n\t\t<div class=\"elementor-element elementor-element-52b5e8c e-con-full e-flex e-con e-child\" data-id=\"52b5e8c\" data-element_type=\"container\">\n\t\t\t\t<div class=\"elementor-element elementor-element-dd7b101 elementor-widget elementor-widget-image\" data-id=\"dd7b101\" data-element_type=\"widget\" data-widget_type=\"image.default\">\n\t\t\t\t<div class=\"elementor-widget-container\">\n\t\t\t\t\t\t\t\t\t\t\t\t\t\t\t<img fetchpriority=\"high\" decoding=\"async\" width=\"1024\" height=\"768\" src=\"https:\/\/elmenytarpecs.hu\/wp-content\/uploads\/2025\/12\/454537150_422580953582545_426426045607371868_n-1536x1152-1-1024x768.jpg\" class=\"attachment-large size-large wp-image-9303\" alt=\"\" srcset=\"https:\/\/elmenytarpecs.hu\/wp-content\/uploads\/2025\/12\/454537150_422580953582545_426426045607371868_n-1536x1152-1-1024x768.jpg 1024w, https:\/\/elmenytarpecs.hu\/wp-content\/uploads\/2025\/12\/454537150_422580953582545_426426045607371868_n-1536x1152-1-300x225.jpg 300w, https:\/\/elmenytarpecs.hu\/wp-content\/uploads\/2025\/12\/454537150_422580953582545_426426045607371868_n-1536x1152-1-768x576.jpg 768w, https:\/\/elmenytarpecs.hu\/wp-content\/uploads\/2025\/12\/454537150_422580953582545_426426045607371868_n-1536x1152-1-16x12.jpg 16w, https:\/\/elmenytarpecs.hu\/wp-content\/uploads\/2025\/12\/454537150_422580953582545_426426045607371868_n-1536x1152-1-600x450.jpg 600w, https:\/\/elmenytarpecs.hu\/wp-content\/uploads\/2025\/12\/454537150_422580953582545_426426045607371868_n-1536x1152-1.jpg 1536w\" sizes=\"(max-width: 1024px) 100vw, 1024px\" \/>\t\t\t\t\t\t\t\t\t\t\t\t\t\t\t<\/div>\n\t\t\t\t<\/div>\n\t\t\t\t<\/div>\n\t\t\t\t\t<\/div>\n\t\t\t\t<\/div>\n\t\t<div class=\"elementor-element elementor-element-49f1e23 e-flex e-con-boxed e-con e-parent\" data-id=\"49f1e23\" data-element_type=\"container\">\n\t\t\t\t\t<div class=\"e-con-inner\">\n\t\t<div class=\"elementor-element elementor-element-8436025 e-con-full e-flex e-con e-child\" data-id=\"8436025\" data-element_type=\"container\">\n\t\t\t\t<div class=\"elementor-element elementor-element-5f360c5 elementor-widget elementor-widget-image\" data-id=\"5f360c5\" data-element_type=\"widget\" data-widget_type=\"image.default\">\n\t\t\t\t<div class=\"elementor-widget-container\">\n\t\t\t\t\t\t\t\t\t\t\t\t\t\t\t<img decoding=\"async\" width=\"768\" height=\"1024\" src=\"https:\/\/elmenytarpecs.hu\/wp-content\/uploads\/2025\/12\/programok-768x1024.jpg\" class=\"attachment-large size-large wp-image-9304\" alt=\"\" srcset=\"https:\/\/elmenytarpecs.hu\/wp-content\/uploads\/2025\/12\/programok-768x1024.jpg 768w, https:\/\/elmenytarpecs.hu\/wp-content\/uploads\/2025\/12\/programok-225x300.jpg 225w, https:\/\/elmenytarpecs.hu\/wp-content\/uploads\/2025\/12\/programok-1152x1536.jpg 1152w, https:\/\/elmenytarpecs.hu\/wp-content\/uploads\/2025\/12\/programok-1536x2048.jpg 1536w, https:\/\/elmenytarpecs.hu\/wp-content\/uploads\/2025\/12\/programok-9x12.jpg 9w, https:\/\/elmenytarpecs.hu\/wp-content\/uploads\/2025\/12\/programok-600x800.jpg 600w, https:\/\/elmenytarpecs.hu\/wp-content\/uploads\/2025\/12\/programok-scaled.jpg 1920w\" sizes=\"(max-width: 768px) 100vw, 768px\" \/>\t\t\t\t\t\t\t\t\t\t\t\t\t\t\t<\/div>\n\t\t\t\t<\/div>\n\t\t\t\t<\/div>\n\t\t<div class=\"elementor-element elementor-element-8fe2c0e e-con-full e-flex e-con e-child\" data-id=\"8fe2c0e\" data-element_type=\"container\">\n\t\t\t\t<div class=\"elementor-element elementor-element-b794283 elementor-widget elementor-widget-heading\" data-id=\"b794283\" data-element_type=\"widget\" data-widget_type=\"heading.default\">\n\t\t\t\t<div class=\"elementor-widget-container\">\n\t\t\t\t\t<h2 class=\"elementor-heading-title elementor-size-default\">Biztons\u00e1g \u00e9s stabilit\u00e1s<\/h2>\t\t\t\t<\/div>\n\t\t\t\t<\/div>\n\t\t\t\t<div class=\"elementor-element elementor-element-8c348a9 elementor-widget elementor-widget-text-editor\" data-id=\"8c348a9\" data-element_type=\"widget\" data-widget_type=\"text-editor.default\">\n\t\t\t\t<div class=\"elementor-widget-container\">\n\t\t\t\t\t\t\t\t\t<p>Minden gyermek \u00e9let\u00e9ben kiemelten fontos szerepet j\u00e1tszik a stabilit\u00e1s, a kisz\u00e1m\u00edthat\u00f3s\u00e1g \u00e9s a biztons\u00e1g. Az \u00c9lm\u00e9ny T\u00e1rban egy olyan k\u00f6z\u00f6ss\u00e9gi teret teremtett\u00fcnk meg, amit a hozz\u00e1nk j\u00e1r\u00f3 gyerekek maguk\u00e9nak \u00e9reznek, ahol biztons\u00e1gban \u00e9rzik magukat. Ez sok esetben neh\u00e9zs\u00e9get is okoz, hiszen a kis k\u00f6z\u00f6ss\u00e9g gyakran nehezen fogad be \u00faj tagokat, a gyerekek saj\u00e1tjuknak \u00e9rzik ezt a helyet, amit nem szeretn\u00e9nek m\u00e1snak odaadni. Mi, akik a gyerekekkel dolgozunk (mentorok, \u00f6nk\u00e9ntesek) szeretj\u00fck a csal\u00e1dias k\u00f6rnyezetet, az \u00f6sszetart\u00e1st \u00e9s azt is, hogy a gyerekek saj\u00e1tjuknak \u00e9rzik az \u00c9lm\u00e9ny T\u00e1rat. Fontosnak tartjuk azonban, hogy a hozz\u00e1nk j\u00e1r\u00f3 gyerekek nyissanak a vil\u00e1gra, mik\u00f6zben \u00e9rtj\u00fck, hogy befel\u00e9 fordul\u00e1suk ok\u00e1t \u00e9s azt, hogy saj\u00e1t, biztons\u00e1gos kis vil\u00e1gukat szeretn\u00e9k meg\u00f3vni, megtartani maguknak. Mi abban szeretn\u00e9nk \u0151ket t\u00e1mogatni, hogy a biztons\u00e1g\u00e9rzet\u00fcket meg\u0151rizve fel tudj\u00e1k fedezni azt, hogy a vil\u00e1g egy sz\u00e1mtalan lehet\u0151s\u00e9get rejt\u0151, csod\u00e1latos hely \u00e9s hogy bar\u00e1ts\u00e1gokat, kapcsolatokat alak\u00edtani \u00e9rt\u00e9kes, hasznos.<\/p><p>Ez\u00e9rt is tartjuk nagyon fontosnak, hogy nem csup\u00e1n az \u00c9lm\u00e9ny T\u00e1r keretein bel\u00fcl seg\u00edts\u00fck a gyerekeinket, hanem min\u00e9l t\u00f6bbsz\u00f6r teremts\u00fcnk lehet\u0151s\u00e9get a kimozdul\u00e1sra, a k\u00fcls\u0151 szabadid\u0151s programok, \u00e9lm\u00e9nyek meg\u00e9l\u00e9s\u00e9re.<\/p>\t\t\t\t\t\t\t\t<\/div>\n\t\t\t\t<\/div>\n\t\t\t\t<\/div>\n\t\t\t\t\t<\/div>\n\t\t\t\t<\/div>\n\t\t\t\t<\/div>","protected":false},"excerpt":{"rendered":"<p>N\u00e1lunk minden a programokr\u00f3l sz\u00f3l! Az akt\u00edv, tev\u00e9keny gyerekkor olyan \u00e9lm\u00e9nyekkel gazdag\u00edtja a gyerekeket, ami kihat eg\u00e9sz \u00e9let\u00fckre. Fontosnak tartjuk, hogy a hozz\u00e1nk j\u00e1r\u00f3 gyerekek es\u00e9lyt kapjanak arra, hogy sokf\u00e9le, min\u0151s\u00e9gi programban vehessenek r\u00e9szt. Ki\u00e1ll\u00edt\u00e1s, mozi, sz\u00ednh\u00e1z, t\u00e1borok, m\u0171helyek, kir\u00e1ndul\u00e1s, utaz\u00e1s, b\u00e1rmi. Az \u00c9lm\u00e9ny T\u00e1rban k\u00f6z\u00f6s v\u00edzi\u00f3nk, hogy el\u0151seg\u00edts\u00fck a val\u00f3s t\u00e1rsadalmi mobilit\u00e1st a hozz\u00e1nk [&hellip;]<\/p>","protected":false},"author":1,"featured_media":0,"parent":0,"menu_order":0,"comment_status":"closed","ping_status":"closed","template":"","meta":{"site-sidebar-layout":"no-sidebar","site-content-layout":"page-builder","ast-site-content-layout":"full-width-container","site-content-style":"default","site-sidebar-style":"default","ast-global-header-display":"","ast-banner-title-visibility":"","ast-main-header-display":"","ast-hfb-above-header-display":"","ast-hfb-below-header-display":"","ast-hfb-mobile-header-display":"","site-post-title":"disabled","ast-breadcrumbs-content":"","ast-featured-img":"disabled","footer-sml-layout":"","ast-disable-related-posts":"","theme-transparent-header-meta":"","adv-header-id-meta":"","stick-header-meta":"","header-above-stick-meta":"","header-main-stick-meta":"","header-below-stick-meta":"","astra-migrate-meta-layouts":"set","ast-page-background-enabled":"default","ast-page-background-meta":{"desktop":{"background-color":"","background-image":"","background-repeat":"repeat","background-position":"center center","background-size":"auto","background-attachment":"scroll","background-type":"","background-media":"","overlay-type":"","overlay-color":"","overlay-opacity":"","overlay-gradient":""},"tablet":{"background-color":"","background-image":"","background-repeat":"repeat","background-position":"center center","background-size":"auto","background-attachment":"scroll","background-type":"","background-media":"","overlay-type":"","overlay-color":"","overlay-opacity":"","overlay-gradient":""},"mobile":{"background-color":"","background-image":"","background-repeat":"repeat","background-position":"center center","background-size":"auto","background-attachment":"scroll","background-type":"","background-media":"","overlay-type":"","overlay-color":"","overlay-opacity":"","overlay-gradient":""}},"ast-content-background-meta":{"desktop":{"background-color":"var(--ast-global-color-5)","background-image":"","background-repeat":"repeat","background-position":"center center","background-size":"auto","background-attachment":"scroll","background-type":"","background-media":"","overlay-type":"","overlay-color":"","overlay-opacity":"","overlay-gradient":""},"tablet":{"background-color":"var(--ast-global-color-5)","background-image":"","background-repeat":"repeat","background-position":"center center","background-size":"auto","background-attachment":"scroll","background-type":"","background-media":"","overlay-type":"","overlay-color":"","overlay-opacity":"","overlay-gradient":""},"mobile":{"background-color":"var(--ast-global-color-5)","background-image":"","background-repeat":"repeat","background-position":"center center","background-size":"auto","background-attachment":"scroll","background-type":"","background-media":"","overlay-type":"","overlay-color":"","overlay-opacity":"","overlay-gradient":""}},"footnotes":""},"class_list":["post-9145","page","type-page","status-publish","hentry"],"_links":{"self":[{"href":"https:\/\/elmenytarpecs.hu\/en\/wp-json\/wp\/v2\/pages\/9145","targetHints":{"allow":["GET"]}}],"collection":[{"href":"https:\/\/elmenytarpecs.hu\/en\/wp-json\/wp\/v2\/pages"}],"about":[{"href":"https:\/\/elmenytarpecs.hu\/en\/wp-json\/wp\/v2\/types\/page"}],"author":[{"embeddable":true,"href":"https:\/\/elmenytarpecs.hu\/en\/wp-json\/wp\/v2\/users\/1"}],"replies":[{"embeddable":true,"href":"https:\/\/elmenytarpecs.hu\/en\/wp-json\/wp\/v2\/comments?post=9145"}],"version-history":[{"count":4,"href":"https:\/\/elmenytarpecs.hu\/en\/wp-json\/wp\/v2\/pages\/9145\/revisions"}],"predecessor-version":[{"id":9307,"href":"https:\/\/elmenytarpecs.hu\/en\/wp-json\/wp\/v2\/pages\/9145\/revisions\/9307"}],"wp:attachment":[{"href":"https:\/\/elmenytarpecs.hu\/en\/wp-json\/wp\/v2\/media?parent=9145"}],"curies":[{"name":"wp","href":"https:\/\/api.w.org\/{rel}","templated":true}]}}