{"id":9131,"date":"2025-12-08T09:34:35","date_gmt":"2025-12-08T09:34:35","guid":{"rendered":"https:\/\/elmenytarpecs.hu\/?page_id=9131"},"modified":"2025-12-08T11:30:00","modified_gmt":"2025-12-08T11:30:00","slug":"kepzes-kinalat","status":"publish","type":"page","link":"https:\/\/elmenytarpecs.hu\/en\/kepzes-kinalat\/","title":{"rendered":"Training offer"},"content":{"rendered":"<div data-elementor-type=\"wp-page\" data-elementor-id=\"9131\" class=\"elementor elementor-9131\" data-elementor-post-type=\"page\">\n\t\t\t\t<div class=\"elementor-element elementor-element-1d1e37d e-flex e-con-boxed e-con e-parent\" data-id=\"1d1e37d\" data-element_type=\"container\">\n\t\t\t\t\t<div class=\"e-con-inner\">\n\t\t\t\t<div class=\"elementor-element elementor-element-9311594 elementor-widget elementor-widget-heading\" data-id=\"9311594\" data-element_type=\"widget\" data-widget_type=\"heading.default\">\n\t\t\t\t<div class=\"elementor-widget-container\">\n\t\t\t\t\t<h2 class=\"elementor-heading-title elementor-size-default\">Training offer<\/h2>\t\t\t\t<\/div>\n\t\t\t\t<\/div>\n\t\t\t\t\t<\/div>\n\t\t\t\t<\/div>\n\t\t<div class=\"elementor-element elementor-element-18ce1ea e-flex e-con-boxed e-con e-parent\" data-id=\"18ce1ea\" data-element_type=\"container\">\n\t\t\t\t\t<div class=\"e-con-inner\">\n\t\t<div class=\"elementor-element elementor-element-40f6794 e-con-full e-flex e-con e-child\" data-id=\"40f6794\" data-element_type=\"container\">\n\t\t\t\t<div class=\"elementor-element elementor-element-fc17214 elementor-widget elementor-widget-text-editor\" data-id=\"fc17214\" data-element_type=\"widget\" data-widget_type=\"text-editor.default\">\n\t\t\t\t<div class=\"elementor-widget-container\">\n\t\t\t\t\t\t\t\t\t<p>Traumatudatos seg\u00edt\u0151i attit\u0171d fejleszt\u00e9se \u2013 30 \u00f3r\u00e1s akkredit\u00e1lt k\u00e9pz\u00e9s<\/p><p>A traumatudatos seg\u00edt\u0151 k\u00e9pz\u00e9s sor\u00e1n elsaj\u00e1t\u00edthatod, hogyan teremts biztons\u00e1gos \u00e9s t\u00e1mogat\u00f3 k\u00f6rnyezetet az \u00e9rintettek sz\u00e1m\u00e1ra. C\u00e9lunk, hogy a r\u00e9sztvev\u0151k olyan eszk\u00f6z\u00f6ket \u00e9s m\u00f3dszereket vigyenek magukkal a gyakorlatba, amelyek seg\u00edts\u00e9g\u00e9vel hat\u00e9konyan seg\u00edthetnek m\u00e1soknak a traum\u00e1val val\u00f3 megk\u00fczd\u00e9sben, mik\u00f6zben maguk is megfelel\u0151 t\u00e1mogat\u00e1st kapnak az ilyen helyzetek kezel\u00e9s\u00e9hez.\u00a0\u00a0<\/p><p>A k\u00e9pz\u00e9s sor\u00e1n a figyelem gyakran ir\u00e1nyul \u00f6nmagunkra is, hiszen az \u00f6nismeret \u00e9s a szem\u00e9lyes hat\u00e1rok t\u00e9m\u00e1inak feldolgoz\u00e1sa seg\u00edt abban, hogy tiszt\u00e1ban legy\u00fcnk saj\u00e1t \u00e9rz\u00e9seinkkel \u00e9s reakci\u00f3inkkal, mik\u00f6zben t\u00e1mogat\u00e1st ny\u00fajtunk m\u00e1soknak.\u00a0<\/p>\t\t\t\t\t\t\t\t<\/div>\n\t\t\t\t<\/div>\n\t\t\t\t<div class=\"elementor-element elementor-element-ab0b439 elementor-widget elementor-widget-button\" data-id=\"ab0b439\" data-element_type=\"widget\" data-widget_type=\"button.default\">\n\t\t\t\t<div class=\"elementor-widget-container\">\n\t\t\t\t\t\t\t\t\t<div class=\"elementor-button-wrapper\">\n\t\t\t\t\t<a class=\"elementor-button elementor-button-link elementor-size-sm\" href=\"https:\/\/elmenytarpecs.hu\/en\/megrendeles\/\">\n\t\t\t\t\t\t<span class=\"elementor-button-content-wrapper\">\n\t\t\t\t\t\t\t\t\t<span class=\"elementor-button-text\">To order<\/span>\n\t\t\t\t\t<\/span>\n\t\t\t\t\t<\/a>\n\t\t\t\t<\/div>\n\t\t\t\t\t\t\t\t<\/div>\n\t\t\t\t<\/div>\n\t\t\t\t<\/div>\n\t\t<div class=\"elementor-element elementor-element-a8f23de e-con-full e-flex e-con e-child\" data-id=\"a8f23de\" data-element_type=\"container\">\n\t\t\t\t<div class=\"elementor-element elementor-element-708edd6 elementor-widget elementor-widget-image\" data-id=\"708edd6\" data-element_type=\"widget\" data-widget_type=\"image.default\">\n\t\t\t\t<div class=\"elementor-widget-container\">\n\t\t\t\t\t\t\t\t\t\t\t\t\t\t\t<img fetchpriority=\"high\" decoding=\"async\" width=\"768\" height=\"960\" src=\"https:\/\/elmenytarpecs.hu\/wp-content\/uploads\/2025\/12\/391627724_851015877029171_6317259376447652954_n1.jpg\" class=\"attachment-large size-large wp-image-9232\" alt=\"\" srcset=\"https:\/\/elmenytarpecs.hu\/wp-content\/uploads\/2025\/12\/391627724_851015877029171_6317259376447652954_n1.jpg 768w, https:\/\/elmenytarpecs.hu\/wp-content\/uploads\/2025\/12\/391627724_851015877029171_6317259376447652954_n1-240x300.jpg 240w, https:\/\/elmenytarpecs.hu\/wp-content\/uploads\/2025\/12\/391627724_851015877029171_6317259376447652954_n1-10x12.jpg 10w, https:\/\/elmenytarpecs.hu\/wp-content\/uploads\/2025\/12\/391627724_851015877029171_6317259376447652954_n1-600x750.jpg 600w\" sizes=\"(max-width: 768px) 100vw, 768px\" \/>\t\t\t\t\t\t\t\t\t\t\t\t\t\t\t<\/div>\n\t\t\t\t<\/div>\n\t\t\t\t<\/div>\n\t\t\t\t\t<\/div>\n\t\t\t\t<\/div>\n\t\t\t\t<\/div>","protected":false},"excerpt":{"rendered":"<p>K\u00e9pz\u00e9s k\u00edn\u00e1lat Traumatudatos seg\u00edt\u0151i attit\u0171d fejleszt\u00e9se \u2013 30 \u00f3r\u00e1s akkredit\u00e1lt k\u00e9pz\u00e9s A traumatudatos seg\u00edt\u0151 k\u00e9pz\u00e9s sor\u00e1n elsaj\u00e1t\u00edthatod, hogyan teremts biztons\u00e1gos \u00e9s t\u00e1mogat\u00f3 k\u00f6rnyezetet az \u00e9rintettek sz\u00e1m\u00e1ra. C\u00e9lunk, hogy a r\u00e9sztvev\u0151k olyan eszk\u00f6z\u00f6ket \u00e9s m\u00f3dszereket vigyenek magukkal a gyakorlatba, amelyek seg\u00edts\u00e9g\u00e9vel hat\u00e9konyan seg\u00edthetnek m\u00e1soknak a traum\u00e1val val\u00f3 megk\u00fczd\u00e9sben, mik\u00f6zben maguk is megfelel\u0151 t\u00e1mogat\u00e1st kapnak az ilyen [&hellip;]<\/p>","protected":false},"author":1,"featured_media":0,"parent":0,"menu_order":0,"comment_status":"closed","ping_status":"closed","template":"","meta":{"site-sidebar-layout":"no-sidebar","site-content-layout":"page-builder","ast-site-content-layout":"full-width-container","site-content-style":"default","site-sidebar-style":"default","ast-global-header-display":"","ast-banner-title-visibility":"","ast-main-header-display":"","ast-hfb-above-header-display":"","ast-hfb-below-header-display":"","ast-hfb-mobile-header-display":"","site-post-title":"disabled","ast-breadcrumbs-content":"","ast-featured-img":"disabled","footer-sml-layout":"","ast-disable-related-posts":"","theme-transparent-header-meta":"","adv-header-id-meta":"","stick-header-meta":"","header-above-stick-meta":"","header-main-stick-meta":"","header-below-stick-meta":"","astra-migrate-meta-layouts":"set","ast-page-background-enabled":"default","ast-page-background-meta":{"desktop":{"background-color":"","background-image":"","background-repeat":"repeat","background-position":"center center","background-size":"auto","background-attachment":"scroll","background-type":"","background-media":"","overlay-type":"","overlay-color":"","overlay-opacity":"","overlay-gradient":""},"tablet":{"background-color":"","background-image":"","background-repeat":"repeat","background-position":"center center","background-size":"auto","background-attachment":"scroll","background-type":"","background-media":"","overlay-type":"","overlay-color":"","overlay-opacity":"","overlay-gradient":""},"mobile":{"background-color":"","background-image":"","background-repeat":"repeat","background-position":"center center","background-size":"auto","background-attachment":"scroll","background-type":"","background-media":"","overlay-type":"","overlay-color":"","overlay-opacity":"","overlay-gradient":""}},"ast-content-background-meta":{"desktop":{"background-color":"var(--ast-global-color-5)","background-image":"","background-repeat":"repeat","background-position":"center center","background-size":"auto","background-attachment":"scroll","background-type":"","background-media":"","overlay-type":"","overlay-color":"","overlay-opacity":"","overlay-gradient":""},"tablet":{"background-color":"var(--ast-global-color-5)","background-image":"","background-repeat":"repeat","background-position":"center center","background-size":"auto","background-attachment":"scroll","background-type":"","background-media":"","overlay-type":"","overlay-color":"","overlay-opacity":"","overlay-gradient":""},"mobile":{"background-color":"var(--ast-global-color-5)","background-image":"","background-repeat":"repeat","background-position":"center center","background-size":"auto","background-attachment":"scroll","background-type":"","background-media":"","overlay-type":"","overlay-color":"","overlay-opacity":"","overlay-gradient":""}},"footnotes":""},"class_list":["post-9131","page","type-page","status-publish","hentry"],"_links":{"self":[{"href":"https:\/\/elmenytarpecs.hu\/en\/wp-json\/wp\/v2\/pages\/9131","targetHints":{"allow":["GET"]}}],"collection":[{"href":"https:\/\/elmenytarpecs.hu\/en\/wp-json\/wp\/v2\/pages"}],"about":[{"href":"https:\/\/elmenytarpecs.hu\/en\/wp-json\/wp\/v2\/types\/page"}],"author":[{"embeddable":true,"href":"https:\/\/elmenytarpecs.hu\/en\/wp-json\/wp\/v2\/users\/1"}],"replies":[{"embeddable":true,"href":"https:\/\/elmenytarpecs.hu\/en\/wp-json\/wp\/v2\/comments?post=9131"}],"version-history":[{"count":4,"href":"https:\/\/elmenytarpecs.hu\/en\/wp-json\/wp\/v2\/pages\/9131\/revisions"}],"predecessor-version":[{"id":9235,"href":"https:\/\/elmenytarpecs.hu\/en\/wp-json\/wp\/v2\/pages\/9131\/revisions\/9235"}],"wp:attachment":[{"href":"https:\/\/elmenytarpecs.hu\/en\/wp-json\/wp\/v2\/media?parent=9131"}],"curies":[{"name":"wp","href":"https:\/\/api.w.org\/{rel}","templated":true}]}}