{"id":9072,"date":"2025-12-07T21:23:15","date_gmt":"2025-12-07T21:23:15","guid":{"rendered":"https:\/\/elmenytarpecs.hu\/?page_id=9072"},"modified":"2025-12-07T21:24:05","modified_gmt":"2025-12-07T21:24:05","slug":"mentoralas","status":"publish","type":"page","link":"https:\/\/elmenytarpecs.hu\/en\/mentoralas\/","title":{"rendered":"Mentoring"},"content":{"rendered":"<div data-elementor-type=\"wp-page\" data-elementor-id=\"9072\" class=\"elementor elementor-9072\" data-elementor-post-type=\"page\">\n\t\t\t\t<div class=\"elementor-element elementor-element-8be87a3 e-flex e-con-boxed e-con e-parent\" data-id=\"8be87a3\" data-element_type=\"container\">\n\t\t\t\t\t<div class=\"e-con-inner\">\n\t\t\t\t<div class=\"elementor-element elementor-element-12890cc elementor-widget elementor-widget-text-editor\" data-id=\"12890cc\" data-element_type=\"widget\" data-widget_type=\"text-editor.default\">\n\t\t\t\t<div class=\"elementor-widget-container\">\n\t\t\t\t\t\t\t\t\t<h4>MENTOR CSAL\u00c1DOK<\/h4><p>Az \u00c9lm\u00e9ny T\u00e1rba j\u00e1r\u00f3 gyerekek mindegyik\u00e9nek van egy saj\u00e1t mentora, akivel benns\u0151s\u00e9ges, bizalmi viszonyt alak\u00edt ki, \u00e9s akihez tartozhat. Mentor \u00e9s mentor\u00e1ltak kisebb csoportokat, \u00fagynevezett mentor csal\u00e1dokat alkotnak.<br \/>Ezzel h\u00e1rom szinten val\u00f3sul meg a szem\u00e9lyes munka:\u00a0<\/p><p>Nagy csoport: az \u00c9lm\u00e9ny T\u00e1r eg\u00e9sz k\u00f6z\u00f6ss\u00e9ge<\/p><p>Kis csoport: mentorcsal\u00e1dok<\/p><p>Egy\u00e9ni: mentor-mentor\u00e1lt kapcsolat<\/p><p>Ez a h\u00e1rom szint remek dinamik\u00e1t ad a munk\u00e1nknak, a fejleszt\u00e9seknek \u00e9s a k\u00f6z\u00f6ss\u00e9gi aktivit\u00e1soknak egyar\u00e1nt.<br \/>Az egy\u00e9ni mentor\u00e1l\u00e1s sor\u00e1n azt pr\u00f3b\u00e1ljuk tudatos\u00edtani a gyerekekben, hogy ott vagyunk sz\u00e1mukra mindig, kapaszkodhatnak bel\u00e9nk, el\u00e9rhetnek minket, ha seg\u00edts\u00e9gre van sz\u00fcks\u00e9g\u00fck.<\/p><h4>SZEM\u00c9LYRESZABOTTS\u00c1G, TEHETS\u00c9GGONDOZ\u00c1S<\/h4><p>Sz\u00e1mos p\u00e9ld\u00e1n l\u00e1thattuk m\u00e1r munk\u00e1nk \u00e9s saj\u00e1t tapasztalataink sor\u00e1n, hogy a sikeres feln\u0151ttkori boldogul\u00e1s nem a t\u00f6k\u00e9letes bizony\u00edtv\u00e1nyon m\u00falik. Sokkal ink\u00e1bb az sz\u00e1m\u00edt a sikeres boldogul\u00e1sn\u00e1l, hogy valaki mennyire tud egy\u00fcttm\u0171k\u00f6dni, milyen a kreativit\u00e1sa, mennyire nyitott m\u00e1sok fel\u00e9 \u00e9s \u00faj helyzetekre \u00e9s, hogyan k\u00e9pes kezelni a felmer\u00fcl\u0151 konfliktusokat.<br \/>Mindezekhez nagyon fontos az is, hogy a gyerekeket siker\u00e9lm\u00e9nyek \u00e9rj\u00e9k \u00e9s megkapj\u00e1k a megfelel\u0151 elismer\u00e9st, \u00e9rt\u00e9kelj\u00e9k \u0151ket \u00e9s \u00edgy kialakuljon a megfelel\u0151 \u00f6n\u00e9rt\u00e9kel\u00e9s\u00fck.<br \/>Ezeket alapul v\u00e9ve pedag\u00f3gia szeml\u00e9let\u00fcnk egyik alappill\u00e9re tehets\u00e9ggondoz\u00e1s \u00e9s a k\u00e9pess\u00e9g- \u00e9s k\u00e9szs\u00e9gfejleszt\u00e9s, k\u00fcl\u00f6n\u00f6s tekintettel az egy\u00e9ni fejleszt\u00e9sre \u00e9s szoci\u00e1lis k\u00e9szs\u00e9gek fejleszt\u00e9s\u00e9re.<\/p><p>Egy\u00e9ni fejleszt\u00e9seinkn\u00e9l figyel\u00fcnk arra, hogy minden tanul\u00f3 egy\u00e9ni m\u00f3don \u00e9s \u00fctemben haladjon, k\u00e9pess\u00e9geinek \u00e9s tanul\u00e1si preferenci\u00e1inak megfelel\u0151en. Felm\u00e9rj\u00fck \u00e9s figyelembe vessz\u00fck a gyermekek tanul\u00e1si st\u00edlus\u00e1t. <br \/>A tanul\u00e1si st\u00edlus olyan egy\u00e9ni, stabil von\u00e1sok \u00f6sszess\u00e9ge, mely befoly\u00e1solja a gyermek inform\u00e1ci\u00f3feldolgoz\u00e1s\u00e1t \u00e9s azt, ahogyan \u00e9szlelik a k\u00f6rnyezet\u00fcket.<\/p>\t\t\t\t\t\t\t\t<\/div>\n\t\t\t\t<\/div>\n\t\t\t\t\t<\/div>\n\t\t\t\t<\/div>\n\t\t\t\t<\/div>","protected":false},"excerpt":{"rendered":"<p>MENTOR CSAL\u00c1DOK Az \u00c9lm\u00e9ny T\u00e1rba j\u00e1r\u00f3 gyerekek mindegyik\u00e9nek van egy saj\u00e1t mentora, akivel benns\u0151s\u00e9ges, bizalmi viszonyt alak\u00edt ki, \u00e9s akihez tartozhat. Mentor \u00e9s mentor\u00e1ltak kisebb csoportokat, \u00fagynevezett mentor csal\u00e1dokat alkotnak.Ezzel h\u00e1rom szinten val\u00f3sul meg a szem\u00e9lyes munka:\u00a0 Nagy csoport: az \u00c9lm\u00e9ny T\u00e1r eg\u00e9sz k\u00f6z\u00f6ss\u00e9ge Kis csoport: mentorcsal\u00e1dok Egy\u00e9ni: mentor-mentor\u00e1lt kapcsolat Ez a h\u00e1rom szint remek [&hellip;]<\/p>","protected":false},"author":1,"featured_media":0,"parent":0,"menu_order":0,"comment_status":"closed","ping_status":"closed","template":"","meta":{"site-sidebar-layout":"no-sidebar","site-content-layout":"page-builder","ast-site-content-layout":"full-width-container","site-content-style":"default","site-sidebar-style":"default","ast-global-header-display":"","ast-banner-title-visibility":"","ast-main-header-display":"","ast-hfb-above-header-display":"","ast-hfb-below-header-display":"","ast-hfb-mobile-header-display":"","site-post-title":"disabled","ast-breadcrumbs-content":"","ast-featured-img":"disabled","footer-sml-layout":"","ast-disable-related-posts":"","theme-transparent-header-meta":"","adv-header-id-meta":"","stick-header-meta":"","header-above-stick-meta":"","header-main-stick-meta":"","header-below-stick-meta":"","astra-migrate-meta-layouts":"set","ast-page-background-enabled":"default","ast-page-background-meta":{"desktop":{"background-color":"","background-image":"","background-repeat":"repeat","background-position":"center center","background-size":"auto","background-attachment":"scroll","background-type":"","background-media":"","overlay-type":"","overlay-color":"","overlay-opacity":"","overlay-gradient":""},"tablet":{"background-color":"","background-image":"","background-repeat":"repeat","background-position":"center center","background-size":"auto","background-attachment":"scroll","background-type":"","background-media":"","overlay-type":"","overlay-color":"","overlay-opacity":"","overlay-gradient":""},"mobile":{"background-color":"","background-image":"","background-repeat":"repeat","background-position":"center center","background-size":"auto","background-attachment":"scroll","background-type":"","background-media":"","overlay-type":"","overlay-color":"","overlay-opacity":"","overlay-gradient":""}},"ast-content-background-meta":{"desktop":{"background-color":"var(--ast-global-color-5)","background-image":"","background-repeat":"repeat","background-position":"center center","background-size":"auto","background-attachment":"scroll","background-type":"","background-media":"","overlay-type":"","overlay-color":"","overlay-opacity":"","overlay-gradient":""},"tablet":{"background-color":"var(--ast-global-color-5)","background-image":"","background-repeat":"repeat","background-position":"center center","background-size":"auto","background-attachment":"scroll","background-type":"","background-media":"","overlay-type":"","overlay-color":"","overlay-opacity":"","overlay-gradient":""},"mobile":{"background-color":"var(--ast-global-color-5)","background-image":"","background-repeat":"repeat","background-position":"center center","background-size":"auto","background-attachment":"scroll","background-type":"","background-media":"","overlay-type":"","overlay-color":"","overlay-opacity":"","overlay-gradient":""}},"footnotes":""},"class_list":["post-9072","page","type-page","status-publish","hentry"],"_links":{"self":[{"href":"https:\/\/elmenytarpecs.hu\/en\/wp-json\/wp\/v2\/pages\/9072","targetHints":{"allow":["GET"]}}],"collection":[{"href":"https:\/\/elmenytarpecs.hu\/en\/wp-json\/wp\/v2\/pages"}],"about":[{"href":"https:\/\/elmenytarpecs.hu\/en\/wp-json\/wp\/v2\/types\/page"}],"author":[{"embeddable":true,"href":"https:\/\/elmenytarpecs.hu\/en\/wp-json\/wp\/v2\/users\/1"}],"replies":[{"embeddable":true,"href":"https:\/\/elmenytarpecs.hu\/en\/wp-json\/wp\/v2\/comments?post=9072"}],"version-history":[{"count":4,"href":"https:\/\/elmenytarpecs.hu\/en\/wp-json\/wp\/v2\/pages\/9072\/revisions"}],"predecessor-version":[{"id":9076,"href":"https:\/\/elmenytarpecs.hu\/en\/wp-json\/wp\/v2\/pages\/9072\/revisions\/9076"}],"wp:attachment":[{"href":"https:\/\/elmenytarpecs.hu\/en\/wp-json\/wp\/v2\/media?parent=9072"}],"curies":[{"name":"wp","href":"https:\/\/api.w.org\/{rel}","templated":true}]}}