{"id":9050,"date":"2025-12-07T20:54:36","date_gmt":"2025-12-07T20:54:36","guid":{"rendered":"https:\/\/elmenytarpecs.hu\/?page_id=9050"},"modified":"2025-12-07T20:57:08","modified_gmt":"2025-12-07T20:57:08","slug":"modszereink","status":"publish","type":"page","link":"https:\/\/elmenytarpecs.hu\/en\/modszereink\/","title":{"rendered":"Our methods"},"content":{"rendered":"<div data-elementor-type=\"wp-page\" data-elementor-id=\"9050\" class=\"elementor elementor-9050\" data-elementor-post-type=\"page\">\n\t\t\t\t<div class=\"elementor-element elementor-element-42f2365 e-flex e-con-boxed e-con e-parent\" data-id=\"42f2365\" data-element_type=\"container\">\n\t\t\t\t\t<div class=\"e-con-inner\">\n\t\t<div class=\"elementor-element elementor-element-48c5acc e-con-full e-flex e-con e-child\" data-id=\"48c5acc\" data-element_type=\"container\">\n\t\t\t\t<div class=\"elementor-element elementor-element-d1d16f6 elementor-widget elementor-widget-heading\" data-id=\"d1d16f6\" data-element_type=\"widget\" data-widget_type=\"heading.default\">\n\t\t\t\t<div class=\"elementor-widget-container\">\n\t\t\t\t\t<h2 class=\"elementor-heading-title elementor-size-default\">Hogyan m\u0171k\u00f6d\u00fcnk?\n<\/h2>\t\t\t\t<\/div>\n\t\t\t\t<\/div>\n\t\t\t\t<div class=\"elementor-element elementor-element-e0bf9c2 elementor-widget elementor-widget-text-editor\" data-id=\"e0bf9c2\" data-element_type=\"widget\" data-widget_type=\"text-editor.default\">\n\t\t\t\t<div class=\"elementor-widget-container\">\n\t\t\t\t\t\t\t\t\t<p>Szakmai programunk kialak\u00edt\u00e1s\u00e1n\u00e1l a soksz\u00edn\u0171s\u00e9get tartottuk szem el\u0151tt. Fontos sz\u00e1munkra, hogy n\u00e1lunk mindenki megtal\u00e1lja az \u00e9rdekl\u0151d\u00e9s\u00e9nek megfelel\u0151 tev\u00e9kenys\u00e9get \u00e9s a k\u00e9pess\u00e9geihez ill\u0151 fejl\u0151d\u00e9si temp\u00f3t. Azon dolgozunk, hogy a fiatalok megkapj\u00e1k azt a kibontakoz\u00e1si lehet\u0151s\u00e9get, amelyet a form\u00e1lis oktat\u00e1si rendszer nem biztos\u00edt sz\u00e1mukra \u00e9s, hogy ek\u00f6zben min\u00e9l t\u00f6bb \u00e9lm\u00e9ny \u00e9s pozit\u00edv meger\u0151s\u00edt\u00e9s \u00e9rje \u0151ket, amihez szint\u00e9n ritk\u00e1n jutnak hozz\u00e1.<\/p><p>Egyik legalapvet\u0151bb pedag\u00f3gia elv\u00fcnk a gyermekk\u00f6zpont\u00fa szeml\u00e9let.<br \/>Ennek \u00e9rtelm\u00e9ben munkat\u00e1rsaink mindig szem el\u0151tt tartj\u00e1k a gyerekek szem\u00e9lyes fejl\u0151d\u00e9s\u00e9t, valamint saj\u00e1t, folyamatos szakmai fejl\u0151d\u00e9s\u00fcket, melyet szint\u00e9n a gyerekek \u00e9rdekeit szolg\u00e1lj\u00e1k.<\/p>\t\t\t\t\t\t\t\t<\/div>\n\t\t\t\t<\/div>\n\t\t\t\t<\/div>\n\t\t<div class=\"elementor-element elementor-element-009fecb e-con-full e-flex e-con e-child\" data-id=\"009fecb\" data-element_type=\"container\">\n\t\t\t\t<div class=\"elementor-element elementor-element-0ef1259 elementor-widget elementor-widget-image\" data-id=\"0ef1259\" data-element_type=\"widget\" data-widget_type=\"image.default\">\n\t\t\t\t<div class=\"elementor-widget-container\">\n\t\t\t\t\t\t\t\t\t\t\t\t\t\t\t<img fetchpriority=\"high\" decoding=\"async\" width=\"1024\" height=\"1024\" src=\"https:\/\/elmenytarpecs.hu\/wp-content\/uploads\/2025\/12\/trauma-kepzes-1-1024x1024.jpg\" class=\"attachment-large size-large wp-image-9052\" alt=\"\" srcset=\"https:\/\/elmenytarpecs.hu\/wp-content\/uploads\/2025\/12\/trauma-kepzes-1-1024x1024.jpg 1024w, https:\/\/elmenytarpecs.hu\/wp-content\/uploads\/2025\/12\/trauma-kepzes-1-300x300.jpg 300w, https:\/\/elmenytarpecs.hu\/wp-content\/uploads\/2025\/12\/trauma-kepzes-1-150x150.jpg 150w, https:\/\/elmenytarpecs.hu\/wp-content\/uploads\/2025\/12\/trauma-kepzes-1-768x768.jpg 768w, https:\/\/elmenytarpecs.hu\/wp-content\/uploads\/2025\/12\/trauma-kepzes-1-12x12.jpg 12w, https:\/\/elmenytarpecs.hu\/wp-content\/uploads\/2025\/12\/trauma-kepzes-1-600x600.jpg 600w, https:\/\/elmenytarpecs.hu\/wp-content\/uploads\/2025\/12\/trauma-kepzes-1-100x100.jpg 100w, https:\/\/elmenytarpecs.hu\/wp-content\/uploads\/2025\/12\/trauma-kepzes-1.jpg 1536w\" sizes=\"(max-width: 1024px) 100vw, 1024px\" \/>\t\t\t\t\t\t\t\t\t\t\t\t\t\t\t<\/div>\n\t\t\t\t<\/div>\n\t\t\t\t<\/div>\n\t\t\t\t\t<\/div>\n\t\t\t\t<\/div>\n\t\t<div class=\"elementor-element elementor-element-c3ef338 e-flex e-con-boxed e-con e-parent\" data-id=\"c3ef338\" data-element_type=\"container\">\n\t\t\t\t\t<div class=\"e-con-inner\">\n\t\t<div class=\"elementor-element elementor-element-f13653f e-con-full e-flex e-con e-child\" data-id=\"f13653f\" data-element_type=\"container\">\n\t\t\t\t<div class=\"elementor-element elementor-element-af1b2bc elementor-widget elementor-widget-image\" data-id=\"af1b2bc\" data-element_type=\"widget\" data-widget_type=\"image.default\">\n\t\t\t\t<div class=\"elementor-widget-container\">\n\t\t\t\t\t\t\t\t\t\t\t\t\t\t\t<img decoding=\"async\" width=\"768\" height=\"1024\" src=\"https:\/\/elmenytarpecs.hu\/wp-content\/uploads\/2025\/12\/IMG_5723-1536x2048-2-768x1024.jpg\" class=\"attachment-large size-large wp-image-9053\" alt=\"\" srcset=\"https:\/\/elmenytarpecs.hu\/wp-content\/uploads\/2025\/12\/IMG_5723-1536x2048-2-768x1024.jpg 768w, https:\/\/elmenytarpecs.hu\/wp-content\/uploads\/2025\/12\/IMG_5723-1536x2048-2-225x300.jpg 225w, https:\/\/elmenytarpecs.hu\/wp-content\/uploads\/2025\/12\/IMG_5723-1536x2048-2-1152x1536.jpg 1152w, https:\/\/elmenytarpecs.hu\/wp-content\/uploads\/2025\/12\/IMG_5723-1536x2048-2-9x12.jpg 9w, https:\/\/elmenytarpecs.hu\/wp-content\/uploads\/2025\/12\/IMG_5723-1536x2048-2-600x800.jpg 600w, https:\/\/elmenytarpecs.hu\/wp-content\/uploads\/2025\/12\/IMG_5723-1536x2048-2.jpg 1536w\" sizes=\"(max-width: 768px) 100vw, 768px\" \/>\t\t\t\t\t\t\t\t\t\t\t\t\t\t\t<\/div>\n\t\t\t\t<\/div>\n\t\t\t\t<\/div>\n\t\t<div class=\"elementor-element elementor-element-da2b79c e-con-full e-flex e-con e-child\" data-id=\"da2b79c\" data-element_type=\"container\">\n\t\t\t\t<div class=\"elementor-element elementor-element-62ab0d3 elementor-widget elementor-widget-heading\" data-id=\"62ab0d3\" data-element_type=\"widget\" data-widget_type=\"heading.default\">\n\t\t\t\t<div class=\"elementor-widget-container\">\n\t\t\t\t\t<h2 class=\"elementor-heading-title elementor-size-default\">Hogyan m\u0171k\u00f6d\u00fcnk?\n<\/h2>\t\t\t\t<\/div>\n\t\t\t\t<\/div>\n\t\t\t\t<div class=\"elementor-element elementor-element-72aac5d elementor-widget elementor-widget-text-editor\" data-id=\"72aac5d\" data-element_type=\"widget\" data-widget_type=\"text-editor.default\">\n\t\t\t\t<div class=\"elementor-widget-container\">\n\t\t\t\t\t\t\t\t\t<h3>Szem\u00e9lyis\u00e9gfejleszt\u00e9s<\/h3><p>Az \u00c9lm\u00e9ny T\u00e1rban a gyerekek pozit\u00edv \u00e9nk\u00e9p\u00e9nek er\u0151s\u00edt\u00e9s\u00e9n \u00e9s m\u00e9lyebb \u00f6nismeret\u00fck kialak\u00edt\u00e1s\u00e1n dolgozunk. Fontosnak tartjuk, hogy meg\u00e9lj\u00e9k az alkot\u00e1s \u00f6r\u00f6m\u00e9t \u00e9s az \u201e\u00e9n is k\u00e9pes vagyok r\u00e1\u201d \u00e9lm\u00e9ny\u00e9t egy biztons\u00e1gos, t\u00e1mogat\u00f3 k\u00f6rnyezetben, ahol pozit\u00edv megk\u00fczd\u00e9si technik\u00e1kkal gazdagodhatnak.<\/p><h3>K\u00f6z\u00f6ss\u00e9gi aktivit\u00e1s el\u0151seg\u00edt\u00e9se<\/h3><p>A programjaink seg\u00edtik a gyerekeket abban, hogy felfedezz\u00e9k a csapatmunka erej\u00e9t, \u00e9rt\u00e9kk\u00e9nt tekintsenek a soksz\u00edn\u0171s\u00e9gre, \u00e9s k\u00e9pess\u00e9 v\u00e1ljanak a konfliktusok konstrukt\u00edv, er\u0151szakmentes kezel\u00e9s\u00e9re. Emellett megtanulj\u00e1k a t\u00e1rsadalmi felel\u0151ss\u00e9gv\u00e1llal\u00e1s fontoss\u00e1g\u00e1t, mik\u00f6zben akt\u00edvan r\u00e9szt vesznek k\u00f6z\u00f6ss\u00e9gi kezdem\u00e9nyez\u00e9sekben.<\/p><h3>Iskolai siker\u00e9lm\u00e9nyek, k\u00e9szs\u00e9g- \u00e9s k\u00e9pess\u00e9gfejleszt\u00e9s<\/h3><p>Seg\u00edtj\u00fck a gyerekeket, hogy k\u00f6nnyebben eligazodjanak az iskolai mindennapok kih\u00edv\u00e1saiban, \u00e9s jobban meg\u00e9rts\u00e9k a tananyagot. C\u00e9lunk, hogy elk\u00f6telez\u0151djenek a tanul\u00e1s \u00e9s a hozz\u00e1\u00e9rt\u00e9s fontoss\u00e1ga mellett, felismerj\u00e9k tehets\u00e9g\u00fcket \u00e9s \u00e9rdekl\u0151d\u00e9si k\u00f6reiket, mik\u00f6zben k\u00e9pesek lesznek megtervezni \u00e9s megval\u00f3s\u00edtani saj\u00e1t \u00e9let\u00fatjukat. Ezzel hozz\u00e1j\u00e1rulunk ahhoz, hogy megel\u0151zz\u00fck a korai iskolaelhagy\u00e1st, \u00e9s magabiztosabb\u00e1 tegy\u00fck \u0151ket az iskolai \u00f3r\u00e1kon is.<\/p>\t\t\t\t\t\t\t\t<\/div>\n\t\t\t\t<\/div>\n\t\t\t\t<\/div>\n\t\t\t\t\t<\/div>\n\t\t\t\t<\/div>\n\t\t\t\t<\/div>","protected":false},"excerpt":{"rendered":"<p>Hogyan m\u0171k\u00f6d\u00fcnk? Szakmai programunk kialak\u00edt\u00e1s\u00e1n\u00e1l a soksz\u00edn\u0171s\u00e9get tartottuk szem el\u0151tt. Fontos sz\u00e1munkra, hogy n\u00e1lunk mindenki megtal\u00e1lja az \u00e9rdekl\u0151d\u00e9s\u00e9nek megfelel\u0151 tev\u00e9kenys\u00e9get \u00e9s a k\u00e9pess\u00e9geihez ill\u0151 fejl\u0151d\u00e9si temp\u00f3t. Azon dolgozunk, hogy a fiatalok megkapj\u00e1k azt a kibontakoz\u00e1si lehet\u0151s\u00e9get, amelyet a form\u00e1lis oktat\u00e1si rendszer nem biztos\u00edt sz\u00e1mukra \u00e9s, hogy ek\u00f6zben min\u00e9l t\u00f6bb \u00e9lm\u00e9ny \u00e9s pozit\u00edv meger\u0151s\u00edt\u00e9s \u00e9rje \u0151ket, [&hellip;]<\/p>","protected":false},"author":1,"featured_media":0,"parent":0,"menu_order":0,"comment_status":"closed","ping_status":"closed","template":"","meta":{"site-sidebar-layout":"no-sidebar","site-content-layout":"page-builder","ast-site-content-layout":"full-width-container","site-content-style":"default","site-sidebar-style":"default","ast-global-header-display":"","ast-banner-title-visibility":"","ast-main-header-display":"","ast-hfb-above-header-display":"","ast-hfb-below-header-display":"","ast-hfb-mobile-header-display":"","site-post-title":"disabled","ast-breadcrumbs-content":"","ast-featured-img":"disabled","footer-sml-layout":"","ast-disable-related-posts":"","theme-transparent-header-meta":"","adv-header-id-meta":"","stick-header-meta":"","header-above-stick-meta":"","header-main-stick-meta":"","header-below-stick-meta":"","astra-migrate-meta-layouts":"set","ast-page-background-enabled":"default","ast-page-background-meta":{"desktop":{"background-color":"","background-image":"","background-repeat":"repeat","background-position":"center center","background-size":"auto","background-attachment":"scroll","background-type":"","background-media":"","overlay-type":"","overlay-color":"","overlay-opacity":"","overlay-gradient":""},"tablet":{"background-color":"","background-image":"","background-repeat":"repeat","background-position":"center center","background-size":"auto","background-attachment":"scroll","background-type":"","background-media":"","overlay-type":"","overlay-color":"","overlay-opacity":"","overlay-gradient":""},"mobile":{"background-color":"","background-image":"","background-repeat":"repeat","background-position":"center center","background-size":"auto","background-attachment":"scroll","background-type":"","background-media":"","overlay-type":"","overlay-color":"","overlay-opacity":"","overlay-gradient":""}},"ast-content-background-meta":{"desktop":{"background-color":"var(--ast-global-color-5)","background-image":"","background-repeat":"repeat","background-position":"center center","background-size":"auto","background-attachment":"scroll","background-type":"","background-media":"","overlay-type":"","overlay-color":"","overlay-opacity":"","overlay-gradient":""},"tablet":{"background-color":"var(--ast-global-color-5)","background-image":"","background-repeat":"repeat","background-position":"center center","background-size":"auto","background-attachment":"scroll","background-type":"","background-media":"","overlay-type":"","overlay-color":"","overlay-opacity":"","overlay-gradient":""},"mobile":{"background-color":"var(--ast-global-color-5)","background-image":"","background-repeat":"repeat","background-position":"center center","background-size":"auto","background-attachment":"scroll","background-type":"","background-media":"","overlay-type":"","overlay-color":"","overlay-opacity":"","overlay-gradient":""}},"footnotes":""},"class_list":["post-9050","page","type-page","status-publish","hentry"],"_links":{"self":[{"href":"https:\/\/elmenytarpecs.hu\/en\/wp-json\/wp\/v2\/pages\/9050","targetHints":{"allow":["GET"]}}],"collection":[{"href":"https:\/\/elmenytarpecs.hu\/en\/wp-json\/wp\/v2\/pages"}],"about":[{"href":"https:\/\/elmenytarpecs.hu\/en\/wp-json\/wp\/v2\/types\/page"}],"author":[{"embeddable":true,"href":"https:\/\/elmenytarpecs.hu\/en\/wp-json\/wp\/v2\/users\/1"}],"replies":[{"embeddable":true,"href":"https:\/\/elmenytarpecs.hu\/en\/wp-json\/wp\/v2\/comments?post=9050"}],"version-history":[{"count":4,"href":"https:\/\/elmenytarpecs.hu\/en\/wp-json\/wp\/v2\/pages\/9050\/revisions"}],"predecessor-version":[{"id":9056,"href":"https:\/\/elmenytarpecs.hu\/en\/wp-json\/wp\/v2\/pages\/9050\/revisions\/9056"}],"wp:attachment":[{"href":"https:\/\/elmenytarpecs.hu\/en\/wp-json\/wp\/v2\/media?parent=9050"}],"curies":[{"name":"wp","href":"https:\/\/api.w.org\/{rel}","templated":true}]}}