{"id":9006,"date":"2025-12-07T18:21:15","date_gmt":"2025-12-07T18:21:15","guid":{"rendered":"https:\/\/elmenytarpecs.hu\/?page_id=9006"},"modified":"2025-12-26T09:45:39","modified_gmt":"2025-12-26T09:45:39","slug":"blog","status":"publish","type":"page","link":"https:\/\/elmenytarpecs.hu\/en\/blog\/","title":{"rendered":"Blog"},"content":{"rendered":"<div data-elementor-type=\"wp-page\" data-elementor-id=\"9006\" class=\"elementor elementor-9006\" data-elementor-post-type=\"page\">\n\t\t\t\t<div class=\"elementor-element elementor-element-361f9d0 e-flex e-con-boxed e-con e-parent\" data-id=\"361f9d0\" data-element_type=\"container\">\n\t\t\t\t\t<div class=\"e-con-inner\">\n\t\t\t\t<div class=\"elementor-element elementor-element-01942e6 elementor-grid-3 elementor-grid-tablet-2 elementor-grid-mobile-1 elementor-posts--thumbnail-top elementor-card-shadow-yes elementor-posts__hover-gradient elementor-widget elementor-widget-posts\" data-id=\"01942e6\" data-element_type=\"widget\" data-settings=\"{&quot;pagination_type&quot;:&quot;numbers&quot;,&quot;cards_columns&quot;:&quot;3&quot;,&quot;cards_columns_tablet&quot;:&quot;2&quot;,&quot;cards_columns_mobile&quot;:&quot;1&quot;,&quot;cards_row_gap&quot;:{&quot;unit&quot;:&quot;px&quot;,&quot;size&quot;:35,&quot;sizes&quot;:[]},&quot;cards_row_gap_tablet&quot;:{&quot;unit&quot;:&quot;px&quot;,&quot;size&quot;:&quot;&quot;,&quot;sizes&quot;:[]},&quot;cards_row_gap_mobile&quot;:{&quot;unit&quot;:&quot;px&quot;,&quot;size&quot;:&quot;&quot;,&quot;sizes&quot;:[]}}\" data-widget_type=\"posts.cards\">\n\t\t\t\t<div class=\"elementor-widget-container\">\n\t\t\t\t\t\t\t<div class=\"elementor-posts-container elementor-posts elementor-posts--skin-cards elementor-grid\" role=\"list\">\n\t\t\t\t<article class=\"elementor-post elementor-grid-item post-9708 post type-post status-publish format-standard has-post-thumbnail hentry category-blog\" role=\"listitem\">\n\t\t\t<div class=\"elementor-post__card\">\n\t\t\t\t<a class=\"elementor-post__thumbnail__link\" href=\"https:\/\/elmenytarpecs.hu\/en\/noi-energiak-es-kozos-fejlodes-vendegul-lattuk-a-gyokerek-es-szarnyak-alumni-programjat\/\" tabindex=\"-1\" ><div class=\"elementor-post__thumbnail\"><img fetchpriority=\"high\" decoding=\"async\" width=\"2560\" height=\"1814\" src=\"https:\/\/elmenytarpecs.hu\/wp-content\/uploads\/2026\/02\/11861-scaled.jpg\" class=\"attachment-full size-full wp-image-9710\" alt=\"\" srcset=\"https:\/\/elmenytarpecs.hu\/wp-content\/uploads\/2026\/02\/11861-scaled.jpg 2560w, https:\/\/elmenytarpecs.hu\/wp-content\/uploads\/2026\/02\/11861-300x213.jpg 300w, https:\/\/elmenytarpecs.hu\/wp-content\/uploads\/2026\/02\/11861-1024x725.jpg 1024w, https:\/\/elmenytarpecs.hu\/wp-content\/uploads\/2026\/02\/11861-768x544.jpg 768w, https:\/\/elmenytarpecs.hu\/wp-content\/uploads\/2026\/02\/11861-1536x1088.jpg 1536w, https:\/\/elmenytarpecs.hu\/wp-content\/uploads\/2026\/02\/11861-2048x1451.jpg 2048w, https:\/\/elmenytarpecs.hu\/wp-content\/uploads\/2026\/02\/11861-18x12.jpg 18w, https:\/\/elmenytarpecs.hu\/wp-content\/uploads\/2026\/02\/11861-600x425.jpg 600w\" sizes=\"(max-width: 2560px) 100vw, 2560px\" \/><\/div><\/a>\n\t\t\t\t<div class=\"elementor-post__badge\">Blog<\/div>\n\t\t\t\t<div class=\"elementor-post__text\">\n\t\t\t\t<h3 class=\"elementor-post__title\">\n\t\t\t<a href=\"https:\/\/elmenytarpecs.hu\/en\/noi-energiak-es-kozos-fejlodes-vendegul-lattuk-a-gyokerek-es-szarnyak-alumni-programjat\/\" >\n\t\t\t\tN\u0151i energi\u00e1k \u00e9s k\u00f6z\u00f6s fejl\u0151d\u00e9s: Vend\u00e9g\u00fcl l\u00e1ttuk a Gy\u00f6kerek \u00e9s Sz\u00e1rnyak Alumni programj\u00e1t!\t\t\t<\/a>\n\t\t<\/h3>\n\t\t\t\t<div class=\"elementor-post__excerpt\">\n\t\t\t<p>Az elm\u00falt id\u0151szakban egy k\u00fcl\u00f6nleges szakmai utaz\u00e1son vett\u00fcnk r\u00e9szt, amely nemcsak a tud\u00e1sunkat m\u00e9ly\u00edtette el, hanem a k\u00f6z\u00f6ss\u00e9g\u00fcnket is meger\u0151s\u00edtette. Szeretn\u00e9nk megosztani veletek, hogyan kapcsol\u00f3dott \u00f6ssze az \u00c9lm\u00e9ny T\u00e1r \u00e9s<\/p>\n\t\t<\/div>\n\t\t\t\t<\/div>\n\t\t\t\t<div class=\"elementor-post__meta-data\">\n\t\t\t\t\t<span class=\"elementor-post-date\">\n\t\t\tFebruary 5, 2026\t\t<\/span>\n\t\t\t\t<span class=\"elementor-post-avatar\">\n\t\t\tNo Comments\t\t<\/span>\n\t\t\t\t<\/div>\n\t\t\t\t\t<\/div>\n\t\t<\/article>\n\t\t\t\t<article class=\"elementor-post elementor-grid-item post-9681 post type-post status-publish format-standard has-post-thumbnail hentry category-blog\" role=\"listitem\">\n\t\t\t<div class=\"elementor-post__card\">\n\t\t\t\t<a class=\"elementor-post__thumbnail__link\" href=\"https:\/\/elmenytarpecs.hu\/en\/amikor-a-jatekbol-onismeret-szuletik-elo-tarsas-jatek-az-elmeny-tarral\/\" tabindex=\"-1\" ><div class=\"elementor-post__thumbnail\"><img decoding=\"async\" width=\"2048\" height=\"1365\" src=\"https:\/\/elmenytarpecs.hu\/wp-content\/uploads\/2026\/01\/P1357197.jpg\" class=\"attachment-full size-full wp-image-9690\" alt=\"\" srcset=\"https:\/\/elmenytarpecs.hu\/wp-content\/uploads\/2026\/01\/P1357197.jpg 2048w, https:\/\/elmenytarpecs.hu\/wp-content\/uploads\/2026\/01\/P1357197-300x200.jpg 300w, https:\/\/elmenytarpecs.hu\/wp-content\/uploads\/2026\/01\/P1357197-1024x683.jpg 1024w, https:\/\/elmenytarpecs.hu\/wp-content\/uploads\/2026\/01\/P1357197-768x512.jpg 768w, https:\/\/elmenytarpecs.hu\/wp-content\/uploads\/2026\/01\/P1357197-1536x1024.jpg 1536w, https:\/\/elmenytarpecs.hu\/wp-content\/uploads\/2026\/01\/P1357197-18x12.jpg 18w, https:\/\/elmenytarpecs.hu\/wp-content\/uploads\/2026\/01\/P1357197-600x400.jpg 600w\" sizes=\"(max-width: 2048px) 100vw, 2048px\" \/><\/div><\/a>\n\t\t\t\t<div class=\"elementor-post__badge\">Blog<\/div>\n\t\t\t\t<div class=\"elementor-post__text\">\n\t\t\t\t<h3 class=\"elementor-post__title\">\n\t\t\t<a href=\"https:\/\/elmenytarpecs.hu\/en\/amikor-a-jatekbol-onismeret-szuletik-elo-tarsas-jatek-az-elmeny-tarral\/\" >\n\t\t\t\tAmikor a j\u00e1t\u00e9kb\u00f3l \u00f6nismeret sz\u00fcletik \u2013 \u00c9l\u0151 t\u00e1rsas-j\u00e1t\u00e9k az \u00c9lm\u00e9ny T\u00e1rban\t\t\t<\/a>\n\t\t<\/h3>\n\t\t\t\t<div class=\"elementor-post__excerpt\">\n\t\t\t<p>Mi t\u00f6rt\u00e9nik, amikor gyerekek, tanodai szakemberek \u00e9s c\u00e9ges munkat\u00e1rsak egy teljes napra kil\u00e9pnek a megszokott t\u00e9rb\u0151l, \u00e9s egy k\u00f6z\u00f6s alkot\u00f3 folyamatba kezdenek?Az \u00c9lm\u00e9ny T\u00e1r \u00e9l\u0151 t\u00e1rsasj\u00e1t\u00e9k-form\u00e1j\u00fa pilot programja erre kereste<\/p>\n\t\t<\/div>\n\t\t\t\t<\/div>\n\t\t\t\t<div class=\"elementor-post__meta-data\">\n\t\t\t\t\t<span class=\"elementor-post-date\">\n\t\t\tJanuary 26, 2026\t\t<\/span>\n\t\t\t\t<span class=\"elementor-post-avatar\">\n\t\t\tNo Comments\t\t<\/span>\n\t\t\t\t<\/div>\n\t\t\t\t\t<\/div>\n\t\t<\/article>\n\t\t\t\t<article class=\"elementor-post elementor-grid-item post-8910 post type-post status-publish format-standard has-post-thumbnail hentry category-blog\" role=\"listitem\">\n\t\t\t<div class=\"elementor-post__card\">\n\t\t\t\t<a class=\"elementor-post__thumbnail__link\" href=\"https:\/\/elmenytarpecs.hu\/en\/gyermekvedelmi-kerekasztal-egy-ev-kozos-gondolkodas-a-pecsi-gyermekvedelemert\/\" tabindex=\"-1\" ><div class=\"elementor-post__thumbnail\"><img decoding=\"async\" width=\"2560\" height=\"1696\" src=\"https:\/\/elmenytarpecs.hu\/wp-content\/uploads\/2025\/12\/top-view-chalk-drawing-with-single-mom-scaled-1.webp\" class=\"attachment-full size-full wp-image-8912\" alt=\"\" srcset=\"https:\/\/elmenytarpecs.hu\/wp-content\/uploads\/2025\/12\/top-view-chalk-drawing-with-single-mom-scaled-1.webp 2560w, https:\/\/elmenytarpecs.hu\/wp-content\/uploads\/2025\/12\/top-view-chalk-drawing-with-single-mom-scaled-1-300x199.webp 300w, https:\/\/elmenytarpecs.hu\/wp-content\/uploads\/2025\/12\/top-view-chalk-drawing-with-single-mom-scaled-1-1024x678.webp 1024w, https:\/\/elmenytarpecs.hu\/wp-content\/uploads\/2025\/12\/top-view-chalk-drawing-with-single-mom-scaled-1-768x509.webp 768w, https:\/\/elmenytarpecs.hu\/wp-content\/uploads\/2025\/12\/top-view-chalk-drawing-with-single-mom-scaled-1-1536x1018.webp 1536w, https:\/\/elmenytarpecs.hu\/wp-content\/uploads\/2025\/12\/top-view-chalk-drawing-with-single-mom-scaled-1-2048x1357.webp 2048w, https:\/\/elmenytarpecs.hu\/wp-content\/uploads\/2025\/12\/top-view-chalk-drawing-with-single-mom-scaled-1-18x12.webp 18w, https:\/\/elmenytarpecs.hu\/wp-content\/uploads\/2025\/12\/top-view-chalk-drawing-with-single-mom-scaled-1-600x398.webp 600w\" sizes=\"(max-width: 2560px) 100vw, 2560px\" \/><\/div><\/a>\n\t\t\t\t<div class=\"elementor-post__badge\">Blog<\/div>\n\t\t\t\t<div class=\"elementor-post__text\">\n\t\t\t\t<h3 class=\"elementor-post__title\">\n\t\t\t<a href=\"https:\/\/elmenytarpecs.hu\/en\/gyermekvedelmi-kerekasztal-egy-ev-kozos-gondolkodas-a-pecsi-gyermekvedelemert\/\" >\n\t\t\t\tChild Protection Roundtable - One year of joint thinking for child protection in P\u00e9cs\t\t\t<\/a>\n\t\t<\/h3>\n\t\t\t\t<div class=\"elementor-post__excerpt\">\n\t\t\t<p>A P\u00e9csi Gyermekv\u00e9delmi Kerekasztal azzal a c\u00e9llal j\u00f6tt l\u00e9tre, hogy a gyermekekkel \u00e9s fiatalokkal foglalkoz\u00f3 p\u00e9csi szakemberek k\u00f6z\u00f6tti egy\u00fcttm\u0171k\u00f6d\u00e9st meger\u0151s\u00edtse, \u00e9s k\u00f6z\u00f6s gondolkod\u00e1ssal, tud\u00e1smegoszt\u00e1ssal reag\u00e1ljon a hely\u00ed\u00cdi gyermekv\u00e9delmi kih\u00edv\u00e1sokra. A<\/p>\n\t\t<\/div>\n\t\t\t\t<\/div>\n\t\t\t\t<div class=\"elementor-post__meta-data\">\n\t\t\t\t\t<span class=\"elementor-post-date\">\n\t\t\tDecember 7, 2025\t\t<\/span>\n\t\t\t\t<span class=\"elementor-post-avatar\">\n\t\t\tNo Comments\t\t<\/span>\n\t\t\t\t<\/div>\n\t\t\t\t\t<\/div>\n\t\t<\/article>\n\t\t\t\t<article class=\"elementor-post elementor-grid-item post-8903 post type-post status-publish format-standard has-post-thumbnail hentry category-blog\" role=\"listitem\">\n\t\t\t<div class=\"elementor-post__card\">\n\t\t\t\t<a class=\"elementor-post__thumbnail__link\" href=\"https:\/\/elmenytarpecs.hu\/en\/pragaban-jart-az-elmeny-tar\/\" tabindex=\"-1\" ><div class=\"elementor-post__thumbnail\"><img loading=\"lazy\" decoding=\"async\" width=\"990\" height=\"620\" src=\"https:\/\/elmenytarpecs.hu\/wp-content\/uploads\/2025\/12\/Screenshot-2025-11-04-at-13.26.13.png\" class=\"attachment-full size-full wp-image-8905\" alt=\"\" srcset=\"https:\/\/elmenytarpecs.hu\/wp-content\/uploads\/2025\/12\/Screenshot-2025-11-04-at-13.26.13.png 990w, https:\/\/elmenytarpecs.hu\/wp-content\/uploads\/2025\/12\/Screenshot-2025-11-04-at-13.26.13-300x188.png 300w, https:\/\/elmenytarpecs.hu\/wp-content\/uploads\/2025\/12\/Screenshot-2025-11-04-at-13.26.13-768x481.png 768w, https:\/\/elmenytarpecs.hu\/wp-content\/uploads\/2025\/12\/Screenshot-2025-11-04-at-13.26.13-18x12.png 18w, https:\/\/elmenytarpecs.hu\/wp-content\/uploads\/2025\/12\/Screenshot-2025-11-04-at-13.26.13-600x376.png 600w\" sizes=\"(max-width: 990px) 100vw, 990px\" \/><\/div><\/a>\n\t\t\t\t<div class=\"elementor-post__badge\">Blog<\/div>\n\t\t\t\t<div class=\"elementor-post__text\">\n\t\t\t\t<h3 class=\"elementor-post__title\">\n\t\t\t<a href=\"https:\/\/elmenytarpecs.hu\/en\/pragaban-jart-az-elmeny-tar\/\" >\n\t\t\t\tThe Experience Gallery was in Prague\t\t\t<\/a>\n\t\t<\/h3>\n\t\t\t\t<div class=\"elementor-post__excerpt\">\n\t\t\t<p>Pr\u00e1g\u00e1ban j\u00e1rt az \u00c9lm\u00e9ny T\u00e1r Pr\u00e1g\u00e1ban j\u00e1rtunk egy konferenci\u00e1n a Stronger Roots program keretein bel\u00fcl. El\u0151ad\u00e1sok, workshoppok, civil szervezetek \u00e9s sok \u00faj inform\u00e1ci\u00f3&#8230; \u00a0 A k\u00e9t napig tart\u00f3 el\u0151ad\u00e1ssorozat okt\u00f3ber<\/p>\n\t\t<\/div>\n\t\t\t\t<\/div>\n\t\t\t\t<div class=\"elementor-post__meta-data\">\n\t\t\t\t\t<span class=\"elementor-post-date\">\n\t\t\tDecember 7, 2025\t\t<\/span>\n\t\t\t\t<span class=\"elementor-post-avatar\">\n\t\t\tNo Comments\t\t<\/span>\n\t\t\t\t<\/div>\n\t\t\t\t\t<\/div>\n\t\t<\/article>\n\t\t\t\t<article class=\"elementor-post elementor-grid-item post-8893 post type-post status-publish format-standard has-post-thumbnail hentry category-blog\" role=\"listitem\">\n\t\t\t<div class=\"elementor-post__card\">\n\t\t\t\t<a class=\"elementor-post__thumbnail__link\" href=\"https:\/\/elmenytarpecs.hu\/en\/miert-van-szukseg-onkentesekre\/\" tabindex=\"-1\" ><div class=\"elementor-post__thumbnail\"><img loading=\"lazy\" decoding=\"async\" width=\"1536\" height=\"1025\" src=\"https:\/\/elmenytarpecs.hu\/wp-content\/uploads\/2025\/12\/close-up-people-volunteer-teamwork-putting-finger-star-shapehands-togetherstack-handsunity-teamwork-world-environment-day-1536x1025-1.jpg\" class=\"attachment-full size-full wp-image-8895\" alt=\"\" srcset=\"https:\/\/elmenytarpecs.hu\/wp-content\/uploads\/2025\/12\/close-up-people-volunteer-teamwork-putting-finger-star-shapehands-togetherstack-handsunity-teamwork-world-environment-day-1536x1025-1.jpg 1536w, https:\/\/elmenytarpecs.hu\/wp-content\/uploads\/2025\/12\/close-up-people-volunteer-teamwork-putting-finger-star-shapehands-togetherstack-handsunity-teamwork-world-environment-day-1536x1025-1-300x200.jpg 300w, https:\/\/elmenytarpecs.hu\/wp-content\/uploads\/2025\/12\/close-up-people-volunteer-teamwork-putting-finger-star-shapehands-togetherstack-handsunity-teamwork-world-environment-day-1536x1025-1-1024x683.jpg 1024w, https:\/\/elmenytarpecs.hu\/wp-content\/uploads\/2025\/12\/close-up-people-volunteer-teamwork-putting-finger-star-shapehands-togetherstack-handsunity-teamwork-world-environment-day-1536x1025-1-768x513.jpg 768w, https:\/\/elmenytarpecs.hu\/wp-content\/uploads\/2025\/12\/close-up-people-volunteer-teamwork-putting-finger-star-shapehands-togetherstack-handsunity-teamwork-world-environment-day-1536x1025-1-18x12.jpg 18w, https:\/\/elmenytarpecs.hu\/wp-content\/uploads\/2025\/12\/close-up-people-volunteer-teamwork-putting-finger-star-shapehands-togetherstack-handsunity-teamwork-world-environment-day-1536x1025-1-600x400.jpg 600w\" sizes=\"(max-width: 1536px) 100vw, 1536px\" \/><\/div><\/a>\n\t\t\t\t<div class=\"elementor-post__badge\">Blog<\/div>\n\t\t\t\t<div class=\"elementor-post__text\">\n\t\t\t\t<h3 class=\"elementor-post__title\">\n\t\t\t<a href=\"https:\/\/elmenytarpecs.hu\/en\/miert-van-szukseg-onkentesekre\/\" >\n\t\t\t\tWhy do we need volunteers?\t\t\t<\/a>\n\t\t<\/h3>\n\t\t\t\t<div class=\"elementor-post__excerpt\">\n\t\t\t<p>Az \u00c9lm\u00e9ny T\u00e1r k\u00f6z\u00f6ss\u00e9g\u00e9ben az \u00f6nk\u00e9ntesek nem csup\u00e1n seg\u00edt\u0151k \u2013 \u0151k azok, akik figyelm\u00fckkel, idej\u00fckkel \u00e9s sz\u00edv\u00fckkel teszik lehet\u0151v\u00e9, hogy a gyerekek \u00e9rezz\u00e9k: k\u00fcl\u00f6nlegesek, sz\u00e1m\u00edtanak, \u00e9s nincsenek egyed\u00fcl. Most, amikor<\/p>\n\t\t<\/div>\n\t\t\t\t<\/div>\n\t\t\t\t<div class=\"elementor-post__meta-data\">\n\t\t\t\t\t<span class=\"elementor-post-date\">\n\t\t\tDecember 7, 2025\t\t<\/span>\n\t\t\t\t<span class=\"elementor-post-avatar\">\n\t\t\tNo Comments\t\t<\/span>\n\t\t\t\t<\/div>\n\t\t\t\t\t<\/div>\n\t\t<\/article>\n\t\t\t\t<article class=\"elementor-post elementor-grid-item post-8885 post type-post status-publish format-standard has-post-thumbnail hentry category-blog\" role=\"listitem\">\n\t\t\t<div class=\"elementor-post__card\">\n\t\t\t\t<a class=\"elementor-post__thumbnail__link\" href=\"https:\/\/elmenytarpecs.hu\/en\/nem-igy-kepzeled-el-a-gyerekkort-miert-fontos-beszelnunk-a-gyermekszegenysegrol\/\" tabindex=\"-1\" ><div class=\"elementor-post__thumbnail\"><img loading=\"lazy\" decoding=\"async\" width=\"1536\" height=\"988\" src=\"https:\/\/elmenytarpecs.hu\/wp-content\/uploads\/2025\/12\/portrait-cute-little-boy-sitting-bench-thinking-1536x988-1.jpg\" class=\"attachment-full size-full wp-image-8887\" alt=\"\" srcset=\"https:\/\/elmenytarpecs.hu\/wp-content\/uploads\/2025\/12\/portrait-cute-little-boy-sitting-bench-thinking-1536x988-1.jpg 1536w, https:\/\/elmenytarpecs.hu\/wp-content\/uploads\/2025\/12\/portrait-cute-little-boy-sitting-bench-thinking-1536x988-1-300x193.jpg 300w, https:\/\/elmenytarpecs.hu\/wp-content\/uploads\/2025\/12\/portrait-cute-little-boy-sitting-bench-thinking-1536x988-1-1024x659.jpg 1024w, https:\/\/elmenytarpecs.hu\/wp-content\/uploads\/2025\/12\/portrait-cute-little-boy-sitting-bench-thinking-1536x988-1-768x494.jpg 768w, https:\/\/elmenytarpecs.hu\/wp-content\/uploads\/2025\/12\/portrait-cute-little-boy-sitting-bench-thinking-1536x988-1-18x12.jpg 18w, https:\/\/elmenytarpecs.hu\/wp-content\/uploads\/2025\/12\/portrait-cute-little-boy-sitting-bench-thinking-1536x988-1-600x386.jpg 600w\" sizes=\"(max-width: 1536px) 100vw, 1536px\" \/><\/div><\/a>\n\t\t\t\t<div class=\"elementor-post__badge\">Blog<\/div>\n\t\t\t\t<div class=\"elementor-post__text\">\n\t\t\t\t<h3 class=\"elementor-post__title\">\n\t\t\t<a href=\"https:\/\/elmenytarpecs.hu\/en\/nem-igy-kepzeled-el-a-gyerekkort-miert-fontos-beszelnunk-a-gyermekszegenysegrol\/\" >\n\t\t\t\t\u201eThis is not your idea of childhood\u201d - Why is it important to talk about child poverty?\t\t\t<\/a>\n\t\t<\/h3>\n\t\t\t\t<div class=\"elementor-post__excerpt\">\n\t\t\t<p>\u201eNem \u00edgy k\u00e9pzeled el a gyerekkort\u201d \u2013 Mi\u00e9rt fontos besz\u00e9ln\u00fcnk a gyermekszeg\u00e9nys\u00e9gr\u0151l? Ha elk\u00e9pzelsz egy gyerekkort, val\u00f3sz\u00edn\u0171leg nem az jut eszedbe, hogy nincs reggeli, hogy egy cip\u0151t hordanak testv\u00e9rek egym\u00e1s<\/p>\n\t\t<\/div>\n\t\t\t\t<\/div>\n\t\t\t\t<div class=\"elementor-post__meta-data\">\n\t\t\t\t\t<span class=\"elementor-post-date\">\n\t\t\tDecember 7, 2025\t\t<\/span>\n\t\t\t\t<span class=\"elementor-post-avatar\">\n\t\t\tNo Comments\t\t<\/span>\n\t\t\t\t<\/div>\n\t\t\t\t\t<\/div>\n\t\t<\/article>\n\t\t\t\t<\/div>\n\t\t\n\t\t\t\t<div class=\"e-load-more-anchor\" data-page=\"1\" data-max-page=\"3\" data-next-page=\"https:\/\/elmenytarpecs.hu\/en\/wp-json\/wp\/v2\/pages\/9006\/page\/2\/\"><\/div>\n\t\t\t\t<nav class=\"elementor-pagination\" aria-label=\"Pagination\">\n\t\t\t<span aria-current=\"page\" class=\"page-numbers current\"><span class=\"elementor-screen-only\">Page<\/span>1<\/span>\n<a class=\"page-numbers\" href=\"https:\/\/elmenytarpecs.hu\/en\/wp-json\/wp\/v2\/pages\/9006\/page\/2\/\"><span class=\"elementor-screen-only\">Page<\/span>2<\/a>\n<a class=\"page-numbers\" href=\"https:\/\/elmenytarpecs.hu\/en\/wp-json\/wp\/v2\/pages\/9006\/page\/3\/\"><span class=\"elementor-screen-only\">Page<\/span>3<\/a>\t\t<\/nav>\n\t\t\t\t\t\t<\/div>\n\t\t\t\t<\/div>\n\t\t\t\t\t<\/div>\n\t\t\t\t<\/div>\n\t\t\t\t<\/div>","protected":false},"excerpt":{"rendered":"","protected":false},"author":1,"featured_media":0,"parent":0,"menu_order":0,"comment_status":"closed","ping_status":"closed","template":"","meta":{"site-sidebar-layout":"no-sidebar","site-content-layout":"page-builder","ast-site-content-layout":"full-width-container","site-content-style":"default","site-sidebar-style":"default","ast-global-header-display":"","ast-banner-title-visibility":"","ast-main-header-display":"","ast-hfb-above-header-display":"","ast-hfb-below-header-display":"","ast-hfb-mobile-header-display":"","site-post-title":"disabled","ast-breadcrumbs-content":"","ast-featured-img":"disabled","footer-sml-layout":"","ast-disable-related-posts":"","theme-transparent-header-meta":"","adv-header-id-meta":"","stick-header-meta":"","header-above-stick-meta":"","header-main-stick-meta":"","header-below-stick-meta":"","astra-migrate-meta-layouts":"set","ast-page-background-enabled":"default","ast-page-background-meta":{"desktop":{"background-color":"","background-image":"","background-repeat":"repeat","background-position":"center center","background-size":"auto","background-attachment":"scroll","background-type":"","background-media":"","overlay-type":"","overlay-color":"","overlay-opacity":"","overlay-gradient":""},"tablet":{"background-color":"","background-image":"","background-repeat":"repeat","background-position":"center center","background-size":"auto","background-attachment":"scroll","background-type":"","background-media":"","overlay-type":"","overlay-color":"","overlay-opacity":"","overlay-gradient":""},"mobile":{"background-color":"","background-image":"","background-repeat":"repeat","background-position":"center center","background-size":"auto","background-attachment":"scroll","background-type":"","background-media":"","overlay-type":"","overlay-color":"","overlay-opacity":"","overlay-gradient":""}},"ast-content-background-meta":{"desktop":{"background-color":"var(--ast-global-color-5)","background-image":"","background-repeat":"repeat","background-position":"center center","background-size":"auto","background-attachment":"scroll","background-type":"","background-media":"","overlay-type":"","overlay-color":"","overlay-opacity":"","overlay-gradient":""},"tablet":{"background-color":"var(--ast-global-color-5)","background-image":"","background-repeat":"repeat","background-position":"center center","background-size":"auto","background-attachment":"scroll","background-type":"","background-media":"","overlay-type":"","overlay-color":"","overlay-opacity":"","overlay-gradient":""},"mobile":{"background-color":"var(--ast-global-color-5)","background-image":"","background-repeat":"repeat","background-position":"center center","background-size":"auto","background-attachment":"scroll","background-type":"","background-media":"","overlay-type":"","overlay-color":"","overlay-opacity":"","overlay-gradient":""}},"footnotes":""},"class_list":["post-9006","page","type-page","status-publish","hentry"],"_links":{"self":[{"href":"https:\/\/elmenytarpecs.hu\/en\/wp-json\/wp\/v2\/pages\/9006","targetHints":{"allow":["GET"]}}],"collection":[{"href":"https:\/\/elmenytarpecs.hu\/en\/wp-json\/wp\/v2\/pages"}],"about":[{"href":"https:\/\/elmenytarpecs.hu\/en\/wp-json\/wp\/v2\/types\/page"}],"author":[{"embeddable":true,"href":"https:\/\/elmenytarpecs.hu\/en\/wp-json\/wp\/v2\/users\/1"}],"replies":[{"embeddable":true,"href":"https:\/\/elmenytarpecs.hu\/en\/wp-json\/wp\/v2\/comments?post=9006"}],"version-history":[{"count":40,"href":"https:\/\/elmenytarpecs.hu\/en\/wp-json\/wp\/v2\/pages\/9006\/revisions"}],"predecessor-version":[{"id":9485,"href":"https:\/\/elmenytarpecs.hu\/en\/wp-json\/wp\/v2\/pages\/9006\/revisions\/9485"}],"wp:attachment":[{"href":"https:\/\/elmenytarpecs.hu\/en\/wp-json\/wp\/v2\/media?parent=9006"}],"curies":[{"name":"wp","href":"https:\/\/api.w.org\/{rel}","templated":true}]}}