{"id":10065,"date":"2026-04-05T20:15:41","date_gmt":"2026-04-05T20:15:41","guid":{"rendered":"https:\/\/elmenytarpecs.hu\/?page_id=10065"},"modified":"2026-04-05T20:16:40","modified_gmt":"2026-04-05T20:16:40","slug":"ertekelesek","status":"publish","type":"page","link":"https:\/\/elmenytarpecs.hu\/en\/ertekelesek\/","title":{"rendered":"\u00c9rt\u00e9kel\u00e9sek"},"content":{"rendered":"<div data-elementor-type=\"wp-page\" data-elementor-id=\"10065\" class=\"elementor elementor-10065\" data-elementor-post-type=\"page\">\n\t\t\t\t<div class=\"elementor-element elementor-element-934818b e-flex e-con-boxed e-con e-parent\" data-id=\"934818b\" data-element_type=\"container\">\n\t\t\t\t\t<div class=\"e-con-inner\">\n\t\t\t\t<div class=\"elementor-element elementor-element-9b883cc elementor-widget elementor-widget-html\" data-id=\"9b883cc\" data-element_type=\"widget\" data-widget_type=\"html.default\">\n\t\t\t\t<div class=\"elementor-widget-container\">\n\t\t\t\t\t<script id=\"barat_script\">var st = document.createElement(\"script\");st.src = \"\/\/admin.fogyasztobarat.hu\/e-api.js\";st.type = \"text\/javascript\";st.setAttribute(\"data-id\", \"U5ZT3LNN\");st.setAttribute(\"id\", \"fbarat-embed\");st.setAttribute(\"data-type\", \"rate\");var s = document.getElementById(\"barat_script\");s.parentNode.insertBefore(st, s);<\/script>\t\t\t\t<\/div>\n\t\t\t\t<\/div>\n\t\t\t\t\t<\/div>\n\t\t\t\t<\/div>\n\t\t\t\t<\/div>","protected":false},"excerpt":{"rendered":"","protected":false},"author":1,"featured_media":0,"parent":0,"menu_order":0,"comment_status":"closed","ping_status":"closed","template":"","meta":{"site-sidebar-layout":"no-sidebar","site-content-layout":"page-builder","ast-site-content-layout":"full-width-container","site-content-style":"default","site-sidebar-style":"default","ast-global-header-display":"","ast-banner-title-visibility":"","ast-main-header-display":"","ast-hfb-above-header-display":"","ast-hfb-below-header-display":"","ast-hfb-mobile-header-display":"","site-post-title":"disabled","ast-breadcrumbs-content":"","ast-featured-img":"disabled","footer-sml-layout":"","ast-disable-related-posts":"","theme-transparent-header-meta":"","adv-header-id-meta":"","stick-header-meta":"","header-above-stick-meta":"","header-main-stick-meta":"","header-below-stick-meta":"","astra-migrate-meta-layouts":"set","ast-page-background-enabled":"default","ast-page-background-meta":{"desktop":{"background-color":"","background-image":"","background-repeat":"repeat","background-position":"center center","background-size":"auto","background-attachment":"scroll","background-type":"","background-media":"","overlay-type":"","overlay-color":"","overlay-opacity":"","overlay-gradient":""},"tablet":{"background-color":"","background-image":"","background-repeat":"repeat","background-position":"center center","background-size":"auto","background-attachment":"scroll","background-type":"","background-media":"","overlay-type":"","overlay-color":"","overlay-opacity":"","overlay-gradient":""},"mobile":{"background-color":"","background-image":"","background-repeat":"repeat","background-position":"center center","background-size":"auto","background-attachment":"scroll","background-type":"","background-media":"","overlay-type":"","overlay-color":"","overlay-opacity":"","overlay-gradient":""}},"ast-content-background-meta":{"desktop":{"background-color":"var(--ast-global-color-5)","background-image":"","background-repeat":"repeat","background-position":"center center","background-size":"auto","background-attachment":"scroll","background-type":"","background-media":"","overlay-type":"","overlay-color":"","overlay-opacity":"","overlay-gradient":""},"tablet":{"background-color":"var(--ast-global-color-5)","background-image":"","background-repeat":"repeat","background-position":"center center","background-size":"auto","background-attachment":"scroll","background-type":"","background-media":"","overlay-type":"","overlay-color":"","overlay-opacity":"","overlay-gradient":""},"mobile":{"background-color":"var(--ast-global-color-5)","background-image":"","background-repeat":"repeat","background-position":"center center","background-size":"auto","background-attachment":"scroll","background-type":"","background-media":"","overlay-type":"","overlay-color":"","overlay-opacity":"","overlay-gradient":""}},"footnotes":""},"class_list":["post-10065","page","type-page","status-publish","hentry"],"_links":{"self":[{"href":"https:\/\/elmenytarpecs.hu\/en\/wp-json\/wp\/v2\/pages\/10065","targetHints":{"allow":["GET"]}}],"collection":[{"href":"https:\/\/elmenytarpecs.hu\/en\/wp-json\/wp\/v2\/pages"}],"about":[{"href":"https:\/\/elmenytarpecs.hu\/en\/wp-json\/wp\/v2\/types\/page"}],"author":[{"embeddable":true,"href":"https:\/\/elmenytarpecs.hu\/en\/wp-json\/wp\/v2\/users\/1"}],"replies":[{"embeddable":true,"href":"https:\/\/elmenytarpecs.hu\/en\/wp-json\/wp\/v2\/comments?post=10065"}],"version-history":[{"count":4,"href":"https:\/\/elmenytarpecs.hu\/en\/wp-json\/wp\/v2\/pages\/10065\/revisions"}],"predecessor-version":[{"id":10070,"href":"https:\/\/elmenytarpecs.hu\/en\/wp-json\/wp\/v2\/pages\/10065\/revisions\/10070"}],"wp:attachment":[{"href":"https:\/\/elmenytarpecs.hu\/en\/wp-json\/wp\/v2\/media?parent=10065"}],"curies":[{"name":"wp","href":"https:\/\/api.w.org\/{rel}","templated":true}]}}